{"id":217,"date":"2020-04-03T10:15:17","date_gmt":"2020-04-03T10:15:17","guid":{"rendered":"https:\/\/bjorndalenblogg.skanska.no\/?page_id=217"},"modified":"2020-04-03T10:15:17","modified_gmt":"2020-04-03T10:15:17","slug":"bjorndalen-alle","status":"publish","type":"page","link":"https:\/\/prosjekt.skanska.no\/bjorndalen\/bjorndalen-alle\/","title":{"rendered":"Bj\u00f8rndalen All\u00e9"},"content":{"rendered":"<p><img loading=\"lazy\" decoding=\"async\" class=\"alignnone size-medium wp-image-238\" src=\"https:\/\/bjorndalenblogg.skanska.no\/wp-content\/uploads\/2020\/05\/Bilde-300x183.jpg\" alt=\"\" width=\"300\" height=\"183\" srcset=\"https:\/\/prosjekt.skanska.no\/bjorndalen\/wp-content\/uploads\/sites\/2\/2020\/05\/Bilde-300x183.jpg 300w, https:\/\/prosjekt.skanska.no\/bjorndalen\/wp-content\/uploads\/sites\/2\/2020\/05\/Bilde-768x468.jpg 768w, https:\/\/prosjekt.skanska.no\/bjorndalen\/wp-content\/uploads\/sites\/2\/2020\/05\/Bilde.jpg 887w\" sizes=\"auto, (max-width: 300px) 100vw, 300px\" \/><\/p>\n<p><span style=\"color: #000000;font-family: Arial;font-size: small\">Skanska er n\u00e5 i gang med Bj\u00f8rndalen All\u00e9. \u00a0Dette er et prosjekt med 66 boenheter fordelt p\u00e5 6 forskjellige bygg. I f\u00f8rste omgang skal vi bygge p-kjeller under alle byggene og de tre f\u00f8rste blokkene. Vi er n\u00e5 i gang, og har gravd ut kjelleren. Vi har n\u00e5 startet med nedboring av RD peler (st\u00e5lr\u00f8r). Dette er en prosess som kan st\u00f8ye litt, og da spesielt n\u00e5r r\u00f8ret skal bores inn ca 0,5m i fjell. Denne jobben er beregnet med en varighet p\u00e5 ca 10 uker og arbeidstid\u00a0fra 07 \u2013 19. Etter dette g\u00e5r det over i en mer tradisjonell byggefase med st\u00f8p og t\u00f8mmerarbeider og i hovedsak arbeidstid fra 07 \u2013 16. I perioder kan det forekomme arbeider utover disse tidene.<\/span><\/p>\n<p><span style=\"color: #000000;font-family: Arial;font-size: small\">\u00a0<\/span><\/p>\n<p><span style=\"color: #000000;font-family: Arial;font-size: small\">Byggingen er beregnet med en varighet frem til Q3 2021 p\u00e5 f\u00f8rste byggetrinn, og Q2 2022 p\u00e5 andre byggetrinn.<\/span><\/p>\n<p>&nbsp;<\/p>\n","protected":false},"excerpt":{"rendered":"<p>Skanska er n\u00e5 i gang med Bj\u00f8rndalen All\u00e9. \u00a0Dette er et prosjekt med 66 boenheter fordelt p\u00e5 6 forskjellige bygg. I f\u00f8rste omgang skal vi bygge p-kjeller under alle byggene og de tre f\u00f8rste blokkene. Vi er n\u00e5 i gang, og har gravd ut kjelleren. Vi har n\u00e5 startet med nedboring av RD peler (st\u00e5lr\u00f8r). [&hellip;]<\/p>\n","protected":false},"author":2,"featured_media":0,"parent":0,"menu_order":0,"comment_status":"closed","ping_status":"closed","template":"","meta":{"_acf_changed":false,"footnotes":""},"class_list":["post-217","page","type-page","status-publish","hentry"],"acf":[],"_links":{"self":[{"href":"https:\/\/prosjekt.skanska.no\/bjorndalen\/wp-json\/wp\/v2\/pages\/217","targetHints":{"allow":["GET"]}}],"collection":[{"href":"https:\/\/prosjekt.skanska.no\/bjorndalen\/wp-json\/wp\/v2\/pages"}],"about":[{"href":"https:\/\/prosjekt.skanska.no\/bjorndalen\/wp-json\/wp\/v2\/types\/page"}],"author":[{"embeddable":true,"href":"https:\/\/prosjekt.skanska.no\/bjorndalen\/wp-json\/wp\/v2\/users\/2"}],"replies":[{"embeddable":true,"href":"https:\/\/prosjekt.skanska.no\/bjorndalen\/wp-json\/wp\/v2\/comments?post=217"}],"version-history":[{"count":0,"href":"https:\/\/prosjekt.skanska.no\/bjorndalen\/wp-json\/wp\/v2\/pages\/217\/revisions"}],"wp:attachment":[{"href":"https:\/\/prosjekt.skanska.no\/bjorndalen\/wp-json\/wp\/v2\/media?parent=217"}],"curies":[{"name":"wp","href":"https:\/\/api.w.org\/{rel}","templated":true}]}}