{"id":52,"date":"2021-06-07T06:09:13","date_gmt":"2021-06-07T06:09:13","guid":{"rendered":"https:\/\/borgenblogg.skanska.no\/?page_id=10"},"modified":"2021-06-07T06:09:13","modified_gmt":"2021-06-07T06:09:13","slug":"om-prosjektet","status":"publish","type":"page","link":"https:\/\/prosjekt.skanska.no\/borgen\/om-prosjektet\/","title":{"rendered":"Om prosjektet"},"content":{"rendered":"<p>Skanska Norge AS skal i totalentreprise for byggherre Skanska Eiendomsutvikling bygge 281 leiligheter og en barnehage i omr\u00e5det Sinsen\/L\u00f8ren. Prosjektet fordeler seg p\u00e5 5 boligblokker, p\u00e5 5-9 etasjer, med parkeringskjeller.<\/p>\n<p>Prosjektet skal sertifiseres iht. BREAM- NOR Very Good.<\/p>\n<p>Borgen ligger sentralt og luftig p\u00e5 L\u00f8ren, med kort vei til t-bane, butikker, kafeer og restauranter.<\/p>\n<h3>Fremdrift<\/h3>\n<p>Prosjektet startet i februar 2021, og skal v\u00e6re ferdig Q2 2025.<\/p>\n<h3>HMS<\/h3>\n<p>Skanska Norge AS vil som entrepren\u00f8r v\u00e6re p\u00e5driver og koordinator for SHA-arbeidet (Sikkerhet, helse og arbeidsmilj\u00f8). Prosjektet har en egen SHA-plan for \u00e5 sikre et sunt og trygt arbeidsmilj\u00f8. De SHA-krav som Skanska Norge stiller til egne ansatte gjelder ogs\u00e5 v\u00e5re underentrepren\u00f8rer.<\/p>\n<p>For prosjektet er det utarbeidet en personlig sikkerhetsinstruks som alle arbeiderne p\u00e5 byggeplassen skal sette seg inn i og f\u00f8lge.<\/p>\n<h3>Arbeidstid<\/h3>\n<p>Alle arbeider vil i hovedsak foreg\u00e5 i v\u00e5r kjernetid mandag til fredag mellom kl. 07.00 til 19.00. I perioder vil det likevel kunne forekomme noe arbeider utover denne tiden.<\/p>\n","protected":false},"excerpt":{"rendered":"<p>Skanska Norge AS skal i totalentreprise for byggherre Skanska Eiendomsutvikling bygge 281 leiligheter og en barnehage i omr\u00e5det Sinsen\/L\u00f8ren. Prosjektet fordeler seg p\u00e5 5 boligblokker, p\u00e5 5-9 etasjer, med parkeringskjeller. Prosjektet skal sertifiseres iht. BREAM- NOR Very Good. Borgen ligger sentralt og luftig p\u00e5 L\u00f8ren, med kort vei til t-bane, butikker, kafeer og restauranter. Fremdrift [&hellip;]<\/p>\n","protected":false},"author":1,"featured_media":0,"parent":0,"menu_order":0,"comment_status":"closed","ping_status":"closed","template":"","meta":{"_acf_changed":false,"footnotes":""},"class_list":["post-52","page","type-page","status-publish","hentry"],"acf":[],"_links":{"self":[{"href":"https:\/\/prosjekt.skanska.no\/borgen\/wp-json\/wp\/v2\/pages\/52","targetHints":{"allow":["GET"]}}],"collection":[{"href":"https:\/\/prosjekt.skanska.no\/borgen\/wp-json\/wp\/v2\/pages"}],"about":[{"href":"https:\/\/prosjekt.skanska.no\/borgen\/wp-json\/wp\/v2\/types\/page"}],"author":[{"embeddable":true,"href":"https:\/\/prosjekt.skanska.no\/borgen\/wp-json\/wp\/v2\/users\/1"}],"replies":[{"embeddable":true,"href":"https:\/\/prosjekt.skanska.no\/borgen\/wp-json\/wp\/v2\/comments?post=52"}],"version-history":[{"count":0,"href":"https:\/\/prosjekt.skanska.no\/borgen\/wp-json\/wp\/v2\/pages\/52\/revisions"}],"wp:attachment":[{"href":"https:\/\/prosjekt.skanska.no\/borgen\/wp-json\/wp\/v2\/media?parent=52"}],"curies":[{"name":"wp","href":"https:\/\/api.w.org\/{rel}","templated":true}]}}