{"id":47,"date":"2022-11-18T10:36:22","date_gmt":"2022-11-18T09:36:22","guid":{"rendered":"https:\/\/blogg.skanska.no\/brynestorhall\/sider\/"},"modified":"2022-11-18T10:36:22","modified_gmt":"2022-11-18T09:36:22","slug":"om-prosjektet","status":"publish","type":"page","link":"https:\/\/prosjekt.skanska.no\/brynestorhall\/om-prosjektet\/","title":{"rendered":"Om prosjektet"},"content":{"rendered":"<p>Bryne storhall er navnet p\u00e5 den nye doble idrettshallen kommunen n\u00e5 bygger i Trallfavegen 6 p\u00e5 Bryne. Hallen planlegges ferdigstilt til \u00e5rsskiftet 2023-2024.<\/p>\n<p>Kontrakt: 125 mill. totalentreprise<br \/>\nOppdragsgiver: Time Kommune<br \/>\nSertifisering: BREEAM Very good<\/p>\n<p><a href=\"https:\/\/prosjekt.skanska.no\/brynestorhall\/wp-content\/uploads\/sites\/12\/2022\/11\/fremdrift.png\" target=\"_blank\" rel=\"noopener\"><img loading=\"lazy\" decoding=\"async\" class=\"alignnone wp-image-68 size-medium\" src=\"https:\/\/prosjekt.skanska.no\/brynestorhall\/wp-content\/uploads\/sites\/12\/2022\/11\/fremdrift-300x203.png\" alt=\"\" width=\"300\" height=\"203\" srcset=\"https:\/\/prosjekt.skanska.no\/brynestorhall\/wp-content\/uploads\/sites\/12\/2022\/11\/fremdrift-300x203.png 300w, https:\/\/prosjekt.skanska.no\/brynestorhall\/wp-content\/uploads\/sites\/12\/2022\/11\/fremdrift-1024x693.png 1024w, https:\/\/prosjekt.skanska.no\/brynestorhall\/wp-content\/uploads\/sites\/12\/2022\/11\/fremdrift-768x520.png 768w, https:\/\/prosjekt.skanska.no\/brynestorhall\/wp-content\/uploads\/sites\/12\/2022\/11\/fremdrift.png 1288w\" sizes=\"auto, (max-width: 300px) 100vw, 300px\" \/><\/a><\/p>\n","protected":false},"excerpt":{"rendered":"<p>Bryne storhall er navnet p\u00e5 den nye doble idrettshallen kommunen n\u00e5 bygger i Trallfavegen 6 p\u00e5 Bryne. Hallen planlegges ferdigstilt til \u00e5rsskiftet 2023-2024. Kontrakt: 125 mill. totalentreprise Oppdragsgiver: Time Kommune Sertifisering: BREEAM Very good<\/p>\n","protected":false},"author":1,"featured_media":0,"parent":0,"menu_order":0,"comment_status":"closed","ping_status":"closed","template":"","meta":{"_acf_changed":false,"footnotes":""},"class_list":["post-47","page","type-page","status-publish","hentry"],"acf":[],"_links":{"self":[{"href":"https:\/\/prosjekt.skanska.no\/brynestorhall\/wp-json\/wp\/v2\/pages\/47","targetHints":{"allow":["GET"]}}],"collection":[{"href":"https:\/\/prosjekt.skanska.no\/brynestorhall\/wp-json\/wp\/v2\/pages"}],"about":[{"href":"https:\/\/prosjekt.skanska.no\/brynestorhall\/wp-json\/wp\/v2\/types\/page"}],"author":[{"embeddable":true,"href":"https:\/\/prosjekt.skanska.no\/brynestorhall\/wp-json\/wp\/v2\/users\/1"}],"replies":[{"embeddable":true,"href":"https:\/\/prosjekt.skanska.no\/brynestorhall\/wp-json\/wp\/v2\/comments?post=47"}],"version-history":[{"count":0,"href":"https:\/\/prosjekt.skanska.no\/brynestorhall\/wp-json\/wp\/v2\/pages\/47\/revisions"}],"wp:attachment":[{"href":"https:\/\/prosjekt.skanska.no\/brynestorhall\/wp-json\/wp\/v2\/media?parent=47"}],"curies":[{"name":"wp","href":"https:\/\/api.w.org\/{rel}","templated":true}]}}