{"id":20,"date":"2025-12-01T12:16:45","date_gmt":"2025-12-01T11:16:45","guid":{"rendered":"https:\/\/prosjekt.skanska.no\/btbsvartkruttveien\/?page_id=20"},"modified":"2025-12-01T12:16:51","modified_gmt":"2025-12-01T11:16:51","slug":"om-prosjektet","status":"publish","type":"page","link":"https:\/\/prosjekt.skanska.no\/btpsvartkruttveien\/om-prosjektet\/","title":{"rendered":"Om prosjektet"},"content":{"rendered":"<p>Skanska Husfabrikken AS har inng\u00e5tt totalentreprisekontrakt med Nittedal-eiendom KF for gjennomf\u00f8ring av prosjektet BTP-Svartkruttveien. Kontrakten har en verdi p\u00e5 rundt 70 millioner.<\/p>\n<p>Prosjektets bakgrunn, form\u00e5l og begrunnelse er beskrevet i boligtypeprogram for Nittedal kommune 2020-2025.<\/p>\n<p>Boligtypeprogrammet har i 2018 kartlagt boligbehov for innbyggere med nedsatt funksjonsevne. Basert p\u00e5 kartlegging av behov ble det foresl\u00e5tt \u00e5 oppf\u00f8re utleieleiligheter med personalbase p\u00e5 kommunens tomt i Svartkruttveien. Tiltaket skal dekke beskrevet behov for bosetting av personer med s\u00e6rlig behov for kompetanse og krav til omgivelser.<\/p>\n<p>Svartkruttveien skal bygges ut med 8 utleieleiligheter tilpasset brukere med behov for s\u00e6rlig kompetanse og krav til omgivelser.<\/p>\n<p>Adresse: Svartkruttveien 152, 1482 Nittedal<\/p>\n<p><strong>HMS<\/strong><\/p>\n<p>Skanska Husfabrikken AS vil som entrepren\u00f8r v\u00e6re p\u00e5driver og koordinator for SHA-arbeidet (Sikkerhet, helse og arbeidsmilj\u00f8). Prosjektet har en egen SHA-plan for \u00e5 sikre et sunt og trygt arbeidsmilj\u00f8. De SHA-krav som Skanska stiller til egne ansatte gjelder ogs\u00e5 v\u00e5re underentrepren\u00f8rer.<\/p>\n<p>God planlegging og sterkt fokus p\u00e5 sikkerhet skal s\u00f8rge for at alle som jobber p\u00e5 prosjektet eller oppholder seg i omr\u00e5det rundt kan f\u00f8le seg trygge gjennom hele byggeperioden.<\/p>\n<p>M\u00e5let er at ingen skal bli skadet eller syke som f\u00f8lge av prosjektet.<\/p>\n<p><strong>Milj\u00f8<\/strong><\/p>\n<p>M\u00e5let for byggeprosessen er null u\u00f8nskede milj\u00f8hendelser, ingen utslipp til luft, grunn eller vann, og ingen skader p\u00e5 omgivelsene.<\/p>\n<p><strong>Fremdrift<\/strong><\/p>\n<p>Prosjektet skal tas i bruk v\u00e5ren 2027, og st\u00e5 ferdig sommeren 2027<\/p>\n<p><strong>Arbeidstid<\/strong><\/p>\n<p>Selv om vi \u00f8nsker \u00e5 v\u00e6re til minst mulig ulempe og sjenanse for v\u00e5re omgivelser, vil v\u00e5re arbeider n\u00f8dvendigvis merkes. Byggearbeidet vil normalt p\u00e5g\u00e5 i tidsrommet mellom kl. 07:00 og 19:00 p\u00e5 hverdager, men det vil i perioder v\u00e6re aktiviteter p\u00e5 l\u00f8rdager mellom kl. 07:00 og kl. 16:00.<\/p>\n","protected":false},"excerpt":{"rendered":"<p>Skanska Husfabrikken AS har inng\u00e5tt totalentreprisekontrakt med Nittedal-eiendom KF for gjennomf\u00f8ring av prosjektet BTP-Svartkruttveien. Kontrakten har en verdi p\u00e5 rundt 70 millioner. Prosjektets bakgrunn, form\u00e5l og begrunnelse er beskrevet i boligtypeprogram for Nittedal kommune 2020-2025. Boligtypeprogrammet har i 2018 kartlagt boligbehov for innbyggere med nedsatt funksjonsevne. Basert p\u00e5 kartlegging av behov ble det foresl\u00e5tt \u00e5 [&hellip;]<\/p>\n","protected":false},"author":84,"featured_media":0,"parent":0,"menu_order":0,"comment_status":"closed","ping_status":"closed","template":"","meta":{"_acf_changed":false,"footnotes":""},"class_list":["post-20","page","type-page","status-publish","hentry"],"acf":[],"_links":{"self":[{"href":"https:\/\/prosjekt.skanska.no\/btpsvartkruttveien\/wp-json\/wp\/v2\/pages\/20","targetHints":{"allow":["GET"]}}],"collection":[{"href":"https:\/\/prosjekt.skanska.no\/btpsvartkruttveien\/wp-json\/wp\/v2\/pages"}],"about":[{"href":"https:\/\/prosjekt.skanska.no\/btpsvartkruttveien\/wp-json\/wp\/v2\/types\/page"}],"author":[{"embeddable":true,"href":"https:\/\/prosjekt.skanska.no\/btpsvartkruttveien\/wp-json\/wp\/v2\/users\/84"}],"replies":[{"embeddable":true,"href":"https:\/\/prosjekt.skanska.no\/btpsvartkruttveien\/wp-json\/wp\/v2\/comments?post=20"}],"version-history":[{"count":2,"href":"https:\/\/prosjekt.skanska.no\/btpsvartkruttveien\/wp-json\/wp\/v2\/pages\/20\/revisions"}],"predecessor-version":[{"id":22,"href":"https:\/\/prosjekt.skanska.no\/btpsvartkruttveien\/wp-json\/wp\/v2\/pages\/20\/revisions\/22"}],"wp:attachment":[{"href":"https:\/\/prosjekt.skanska.no\/btpsvartkruttveien\/wp-json\/wp\/v2\/media?parent=20"}],"curies":[{"name":"wp","href":"https:\/\/api.w.org\/{rel}","templated":true}]}}