{"id":8,"date":"2023-02-10T11:46:39","date_gmt":"2023-02-10T10:46:39","guid":{"rendered":"https:\/\/blogg.skanska.no\/campusulleval\/sider\/"},"modified":"2023-02-10T11:46:39","modified_gmt":"2023-02-10T10:46:39","slug":"om-prosjektet","status":"publish","type":"page","link":"https:\/\/prosjekt.skanska.no\/campusulleval\/om-prosjektet\/","title":{"rendered":"Om prosjektet"},"content":{"rendered":"<p>Med Campus Ullev\u00e5l skal NGIs n\u00e5v\u00e6rende kontoreiendom og n\u00e6ringstomt utnyttes bedre, med h\u00f8ye ambisjoner for b\u00e6rekraftige l\u00f8sninger.<\/p>\n<p>N\u00e5r prosjektet ferdigstilles i 2025 er dagens parkeringsplasser blitt til et frodig, gr\u00f8nt torg, med m\u00f8teplasser for publikum og aktiviteter for barn. Bygget f\u00e5r 500 sykkelparkeringsplasser og ligger tett p\u00e5 kollektivknutepunktet Ullev\u00e5l og Forskningsparken. Slik oppfyller prosjektet Oslos strategi om \u00e5 fortette langs T-banelinjene.<\/p>\n<p>Bygget f\u00e5r en optimal form med tanke p\u00e5 lysinnslipp, noe som skaper sv\u00e6rt gode arbeidsforhold innvendig. Arkitektkontoret Schmidt Hammer Lassen har samtidig s\u00f8rget for at strukturen gir lite skyggevirkning p\u00e5 naboeiendommene, og bygningen har st\u00f8ydempende funksjon inn mot kolonihagen og bygulvet p\u00e5 Ullev\u00e5l.<\/p>\n<h3>Byggeprosess blir forskningsprosjekt<\/h3>\n<p>Campus Ullev\u00e5l oppfyller NGIs behov for st\u00f8rre lokaler i Oslo, og legger til rette for samarbeid med andre akt\u00f8rer. Norsk institutt for vannforskning (NIVA) blir en betydningsfull leietaker, som allerede bidrar inn i utviklingen av prosjektet. Gjennom byggeperioden skal NIVA forske p\u00e5 overvannsh\u00e5ndtering og bruk av restvann i forbindelse med driften av Campus Ullev\u00e5l og omr\u00e5det rundt. NGI skal bruke oppf\u00f8ringen til \u00e5 forske p\u00e5 energiopptak gjennom leire og spunt.<br \/>\nCampus Ullev\u00e5l er en del av et viktig byutviklingsprosjekt, hvor n\u00e6ringsliv, offentlig forvaltning og akademia jobber sammen for \u00e5 skape et kraftsenter for innovasjon og kunnskapsdeling. Nybygget skal eies og driftes av NGI og Aspelin Ramm, med eierandel p\u00e5 50 prosent hver.<\/p>\n<h3>Om byggeprosessen<\/h3>\n<p>* Dagens NGI-bygg fra 1966 skal rives i l\u00f8pet av h\u00f8sten 2022<br \/>\n* Oppstart byggearbeider v\u00e5r 2023<br \/>\n* Ferdigstilles 2025-2026<\/p>\n","protected":false},"excerpt":{"rendered":"<p>Med Campus Ullev\u00e5l skal NGIs n\u00e5v\u00e6rende kontoreiendom og n\u00e6ringstomt utnyttes bedre, med h\u00f8ye ambisjoner for b\u00e6rekraftige l\u00f8sninger. N\u00e5r prosjektet ferdigstilles i 2025 er dagens parkeringsplasser blitt til et frodig, gr\u00f8nt torg, med m\u00f8teplasser for publikum og aktiviteter for barn. Bygget f\u00e5r 500 sykkelparkeringsplasser og ligger tett p\u00e5 kollektivknutepunktet Ullev\u00e5l og Forskningsparken. Slik oppfyller prosjektet Oslos [&hellip;]<\/p>\n","protected":false},"author":1,"featured_media":0,"parent":0,"menu_order":0,"comment_status":"closed","ping_status":"closed","template":"","meta":{"_acf_changed":false,"footnotes":""},"class_list":["post-8","page","type-page","status-publish","hentry"],"acf":[],"_links":{"self":[{"href":"https:\/\/prosjekt.skanska.no\/campusulleval\/wp-json\/wp\/v2\/pages\/8","targetHints":{"allow":["GET"]}}],"collection":[{"href":"https:\/\/prosjekt.skanska.no\/campusulleval\/wp-json\/wp\/v2\/pages"}],"about":[{"href":"https:\/\/prosjekt.skanska.no\/campusulleval\/wp-json\/wp\/v2\/types\/page"}],"author":[{"embeddable":true,"href":"https:\/\/prosjekt.skanska.no\/campusulleval\/wp-json\/wp\/v2\/users\/1"}],"replies":[{"embeddable":true,"href":"https:\/\/prosjekt.skanska.no\/campusulleval\/wp-json\/wp\/v2\/comments?post=8"}],"version-history":[{"count":0,"href":"https:\/\/prosjekt.skanska.no\/campusulleval\/wp-json\/wp\/v2\/pages\/8\/revisions"}],"wp:attachment":[{"href":"https:\/\/prosjekt.skanska.no\/campusulleval\/wp-json\/wp\/v2\/media?parent=8"}],"curies":[{"name":"wp","href":"https:\/\/api.w.org\/{rel}","templated":true}]}}