{"id":15,"date":"2026-02-03T14:55:32","date_gmt":"2026-02-03T13:55:32","guid":{"rendered":"https:\/\/prosjekt.skanska.no\/christian-kroghs-gate-2\/?page_id=15"},"modified":"2026-02-09T14:52:56","modified_gmt":"2026-02-09T13:52:56","slug":"kontakt","status":"publish","type":"page","link":"https:\/\/prosjekt.skanska.no\/christian-kroghs-gate-2\/kontakt\/","title":{"rendered":"Kontakt"},"content":{"rendered":"<div>Har du sp\u00f8rsm\u00e5l eller trenger \u00e5 komme i kontakt med prosjektledelsen for CK2?<\/div>\n<div>Da n\u00e5r du oss enkelt via <a href=\"mailto:CK2@skanska.no\"><strong>CK2@skanska.no<\/strong><\/a>. Vi fors\u00f8ker alltid \u00e5 svare s\u00e5 raskt som mulig.<\/div>\n","protected":false},"excerpt":{"rendered":"<p>Har du sp\u00f8rsm\u00e5l eller trenger \u00e5 komme i kontakt med prosjektledelsen for CK2? Da n\u00e5r du oss enkelt via CK2@skanska.no. Vi fors\u00f8ker alltid \u00e5 svare s\u00e5 raskt som mulig.<\/p>\n","protected":false},"author":84,"featured_media":0,"parent":0,"menu_order":0,"comment_status":"closed","ping_status":"closed","template":"page-kontakt.php","meta":{"_acf_changed":false,"footnotes":""},"class_list":["post-15","page","type-page","status-publish","hentry"],"acf":[],"_links":{"self":[{"href":"https:\/\/prosjekt.skanska.no\/christian-kroghs-gate-2\/wp-json\/wp\/v2\/pages\/15","targetHints":{"allow":["GET"]}}],"collection":[{"href":"https:\/\/prosjekt.skanska.no\/christian-kroghs-gate-2\/wp-json\/wp\/v2\/pages"}],"about":[{"href":"https:\/\/prosjekt.skanska.no\/christian-kroghs-gate-2\/wp-json\/wp\/v2\/types\/page"}],"author":[{"embeddable":true,"href":"https:\/\/prosjekt.skanska.no\/christian-kroghs-gate-2\/wp-json\/wp\/v2\/users\/84"}],"replies":[{"embeddable":true,"href":"https:\/\/prosjekt.skanska.no\/christian-kroghs-gate-2\/wp-json\/wp\/v2\/comments?post=15"}],"version-history":[{"count":4,"href":"https:\/\/prosjekt.skanska.no\/christian-kroghs-gate-2\/wp-json\/wp\/v2\/pages\/15\/revisions"}],"predecessor-version":[{"id":28,"href":"https:\/\/prosjekt.skanska.no\/christian-kroghs-gate-2\/wp-json\/wp\/v2\/pages\/15\/revisions\/28"}],"wp:attachment":[{"href":"https:\/\/prosjekt.skanska.no\/christian-kroghs-gate-2\/wp-json\/wp\/v2\/media?parent=15"}],"curies":[{"name":"wp","href":"https:\/\/api.w.org\/{rel}","templated":true}]}}