{"id":17,"date":"2026-02-03T14:56:14","date_gmt":"2026-02-03T13:56:14","guid":{"rendered":"https:\/\/prosjekt.skanska.no\/christian-kroghs-gate-2\/?page_id=17"},"modified":"2026-04-17T15:09:04","modified_gmt":"2026-04-17T13:09:04","slug":"om-prosjektet","status":"publish","type":"page","link":"https:\/\/prosjekt.skanska.no\/christian-kroghs-gate-2\/om-prosjektet\/","title":{"rendered":"Om prosjektet"},"content":{"rendered":"<p><strong>Velkommen til prosjektbloggen for Christian Krohgs gate 2<\/strong><\/p>\n<p>Velkommen til prosjektbloggen for rehabiliteringen og utviklingen av eiendommen i <strong>Christian Krohgs gate 2<\/strong>. Her vil vi l\u00f8pende dele oppdateringer, bilder og informasjon knyttet til byggearbeidene \u2013 slik at naboer, forbipasserende og andre interesserte kan f\u00f8lge med p\u00e5 hva som skjer.<\/p>\n<p>P\u00e5 byggegjerdet vil du finne en <strong>QR\u2011kode<\/strong> som leder direkte hit. Del gjerne siden med andre som \u00f8nsker innsikt i prosjektet.<\/p>\n<p><strong>Hva skal vi gj\u00f8re?<\/strong><\/p>\n<p>Prosjektet omfatter en omfattende <strong>rehabilitering, ombygging og utvikling<\/strong> av dagens bygningsmasse. Eiendommen best\u00e5r av tre bygg oppf\u00f8rt mellom <strong>1899 og 1946<\/strong>, opprinnelig som industribygg for <em>Den Norske Remfabrikk<\/em>. Dette historiske bakteppet danner en viktig del av identiteten vi \u00f8nsker \u00e5 ivareta.<\/p>\n<p><img loading=\"lazy\" decoding=\"async\" class=\"alignnone wp-image-42 \" src=\"https:\/\/prosjekt.skanska.no\/christian-kroghs-gate-2\/wp-content\/uploads\/sites\/39\/2026\/04\/2026-04-10_17-23-24.jpg\" alt=\"\" width=\"901\" height=\"507\" srcset=\"https:\/\/prosjekt.skanska.no\/christian-kroghs-gate-2\/wp-content\/uploads\/sites\/39\/2026\/04\/2026-04-10_17-23-24.jpg 961w, https:\/\/prosjekt.skanska.no\/christian-kroghs-gate-2\/wp-content\/uploads\/sites\/39\/2026\/04\/2026-04-10_17-23-24-300x169.jpg 300w, https:\/\/prosjekt.skanska.no\/christian-kroghs-gate-2\/wp-content\/uploads\/sites\/39\/2026\/04\/2026-04-10_17-23-24-768x432.jpg 768w\" sizes=\"auto, (max-width: 901px) 100vw, 901px\" \/><\/p>\n<p><strong>Bevaring og historisk verdi<\/strong><\/p>\n<p>Spesielt <strong>Bygg A<\/strong> har betydelig arkitektonisk og kulturhistorisk verdi. Det har b\u00e6rende teglsteinsvegger, trekonstruksjoner og elementer i st\u00f8pejern \u2013 typisk for datidens industribygg langs Akerselva. Fasaden og deler av interi\u00f8ret er <strong>fredet<\/strong>, blant annet administrasjonslokalene i 3. etasje fra Remfabrikkens tid.<\/p>\n<p>Ogs\u00e5 <strong>Bygg B<\/strong> fra 1946 skal i stor grad bevares, inkludert den vernede fasaden mot gaten.<\/p>\n<p><strong>Riving og nybygg<\/strong><\/p>\n<p><strong>Bygg C<\/strong>, som ble oppf\u00f8rt i 1929, skal rives helt og erstattes av et nytt bygg mot Akerselva. I tillegg skal eksisterende tverrfl\u00f8yer rives og erstattes med nye konstruksjoner, og byggene skal f\u00e5 nye p\u00e5bygg p\u00e5 tre og fire etasjer.<\/p>\n<p>Eksisterende bygninger skal <strong>refundamenteres og forsterkes<\/strong> for \u00e5 t\u00e5le nye laster, samtidig som fasadene bevares og gjenoppbygges der det er n\u00f8dvendig.<\/p>\n<p><img loading=\"lazy\" decoding=\"async\" class=\"alignnone wp-image-38 size-full\" src=\"https:\/\/prosjekt.skanska.no\/christian-kroghs-gate-2\/wp-content\/uploads\/sites\/39\/2026\/04\/Bilde2.png\" alt=\"\" width=\"605\" height=\"321\" srcset=\"https:\/\/prosjekt.skanska.no\/christian-kroghs-gate-2\/wp-content\/uploads\/sites\/39\/2026\/04\/Bilde2.png 605w, https:\/\/prosjekt.skanska.no\/christian-kroghs-gate-2\/wp-content\/uploads\/sites\/39\/2026\/04\/Bilde2-300x159.png 300w\" sizes=\"auto, (max-width: 605px) 100vw, 605px\" \/><\/p>\n<p><img loading=\"lazy\" decoding=\"async\" class=\"alignnone wp-image-39 size-full\" src=\"https:\/\/prosjekt.skanska.no\/christian-kroghs-gate-2\/wp-content\/uploads\/sites\/39\/2026\/04\/Bilde3.png\" alt=\"\" width=\"943\" height=\"435\" srcset=\"https:\/\/prosjekt.skanska.no\/christian-kroghs-gate-2\/wp-content\/uploads\/sites\/39\/2026\/04\/Bilde3.png 943w, https:\/\/prosjekt.skanska.no\/christian-kroghs-gate-2\/wp-content\/uploads\/sites\/39\/2026\/04\/Bilde3-300x138.png 300w, https:\/\/prosjekt.skanska.no\/christian-kroghs-gate-2\/wp-content\/uploads\/sites\/39\/2026\/04\/Bilde3-768x354.png 768w\" sizes=\"auto, (max-width: 943px) 100vw, 943px\" \/><\/p>\n<p><strong>Flomsikring<\/strong><\/p>\n<p>Eiendommen ligger innenfor en sone med <strong>flomfare<\/strong>. For \u00e5 sikre byggene mot en 200\u2011\u00e5rsflom, vil kjelleretasjen mot elven f\u00e5 vanntette konstruksjoner og n\u00f8dvendige sikringstiltak i fasadens \u00e5pninger.<\/p>\n<p><strong>Prosjektets omfang<\/strong><\/p>\n<p>Prosjektet best\u00e5r totalt av ca. <strong>21<\/strong><strong>\u202f000 m<\/strong><strong>\u00b2<\/strong>, hvor:<\/p>\n<ul>\n<li><strong>7<\/strong><strong>\u202f200 m<\/strong><strong>\u00b2<\/strong> er eksisterende bygningsmasse som rehabiliteres<\/li>\n<li><strong>13<\/strong><strong>\u202f800 m<\/strong><strong>\u00b2<\/strong> blir nybygg<\/li>\n<\/ul>\n<p>Arbeidet inneb\u00e6rer en kombinasjon av bevaring, modernisering og ny utvikling for \u00e5 skape funksjonelle og fremtidsrettede lokaler \u2013 samtidig som historien langs Akerselva l\u00f8ftes frem.<\/p>\n<p><img loading=\"lazy\" decoding=\"async\" class=\"alignnone wp-image-40 size-full\" src=\"https:\/\/prosjekt.skanska.no\/christian-kroghs-gate-2\/wp-content\/uploads\/sites\/39\/2026\/04\/Bilde4.png\" alt=\"\" width=\"605\" height=\"303\" srcset=\"https:\/\/prosjekt.skanska.no\/christian-kroghs-gate-2\/wp-content\/uploads\/sites\/39\/2026\/04\/Bilde4.png 605w, https:\/\/prosjekt.skanska.no\/christian-kroghs-gate-2\/wp-content\/uploads\/sites\/39\/2026\/04\/Bilde4-300x150.png 300w\" sizes=\"auto, (max-width: 605px) 100vw, 605px\" \/><\/p>\n<p><strong>Hvem st\u00e5r bak prosjektet?<\/strong><\/p>\n<ul>\n<li><strong>Byggherre:<\/strong> Entra og Skanska N\u00e6ringseiendom<\/li>\n<li><strong>Prosjektansvarlig:<\/strong> Nina Eriksen, Entra<\/li>\n<li><strong>Prosjektleder:<\/strong> Karin Lund, Skanska N\u00e6ringseiendom<\/li>\n<\/ul>\n<p><strong>Hva skjer n\u00e5?<\/strong><\/p>\n<p>Fra <strong>1. april 2026<\/strong> starter de f\u00f8rste arbeidene p\u00e5 byggeplassen. Dette inkluderer:<\/p>\n<ul>\n<li>Etablering av riggomr\u00e5de<\/li>\n<li>Sikkerhetstiltak<\/li>\n<li>Forberedelser til riving og fundamentarbeid<\/li>\n<\/ul>\n<p>Vi kommer til \u00e5 publisere fremdrift, eventuelle endringer og praktisk informasjon underveis.<\/p>\n<p><strong>Takk for at du f\u00f8lger oss!<\/strong><\/p>\n<p>Vi setter stor pris p\u00e5 engasjementet i nabolaget og vil gj\u00f8re v\u00e5rt beste for \u00e5 holde alle godt informert underveis i prosjektet.<\/p>\n<p>Har du sp\u00f8rsm\u00e5l eller \u00f8nsker temaer vi skal skrive om i kommende innlegg? Bare si ifra \u2013 vi hjelper gjerne.<\/p>\n<div>\n<p>&nbsp;<\/p>\n<\/div>\n","protected":false},"excerpt":{"rendered":"<p>Velkommen til prosjektbloggen for Christian Krohgs gate 2 Velkommen til prosjektbloggen for rehabiliteringen og utviklingen av eiendommen i Christian Krohgs gate 2. Her vil vi l\u00f8pende dele oppdateringer, bilder og informasjon knyttet til byggearbeidene \u2013 slik at naboer, forbipasserende og andre interesserte kan f\u00f8lge med p\u00e5 hva som skjer. P\u00e5 byggegjerdet vil du finne en [&hellip;]<\/p>\n","protected":false},"author":84,"featured_media":0,"parent":0,"menu_order":0,"comment_status":"closed","ping_status":"closed","template":"","meta":{"_acf_changed":false,"footnotes":""},"class_list":["post-17","page","type-page","status-publish","hentry"],"acf":[],"_links":{"self":[{"href":"https:\/\/prosjekt.skanska.no\/christian-kroghs-gate-2\/wp-json\/wp\/v2\/pages\/17","targetHints":{"allow":["GET"]}}],"collection":[{"href":"https:\/\/prosjekt.skanska.no\/christian-kroghs-gate-2\/wp-json\/wp\/v2\/pages"}],"about":[{"href":"https:\/\/prosjekt.skanska.no\/christian-kroghs-gate-2\/wp-json\/wp\/v2\/types\/page"}],"author":[{"embeddable":true,"href":"https:\/\/prosjekt.skanska.no\/christian-kroghs-gate-2\/wp-json\/wp\/v2\/users\/84"}],"replies":[{"embeddable":true,"href":"https:\/\/prosjekt.skanska.no\/christian-kroghs-gate-2\/wp-json\/wp\/v2\/comments?post=17"}],"version-history":[{"count":7,"href":"https:\/\/prosjekt.skanska.no\/christian-kroghs-gate-2\/wp-json\/wp\/v2\/pages\/17\/revisions"}],"predecessor-version":[{"id":52,"href":"https:\/\/prosjekt.skanska.no\/christian-kroghs-gate-2\/wp-json\/wp\/v2\/pages\/17\/revisions\/52"}],"wp:attachment":[{"href":"https:\/\/prosjekt.skanska.no\/christian-kroghs-gate-2\/wp-json\/wp\/v2\/media?parent=17"}],"curies":[{"name":"wp","href":"https:\/\/api.w.org\/{rel}","templated":true}]}}