{"id":6,"date":"2024-03-17T19:05:22","date_gmt":"2024-03-17T18:05:22","guid":{"rendered":"https:\/\/blogg.skanska.no\/filianskole\/sider\/"},"modified":"2024-03-17T19:05:22","modified_gmt":"2024-03-17T18:05:22","slug":"om-prosjektet","status":"publish","type":"page","link":"https:\/\/prosjekt.skanska.no\/fillanskole\/om-prosjektet\/","title":{"rendered":"Om prosjektet"},"content":{"rendered":"<p>Skanska Norge AS skal bygge Nye Fillan Skole, i en totalentreprise med samspill for Hitra Kommune. Bygget vil best\u00e5 av klasserom for barne- og ungdomsskole, administrasjon, aktivitetssal og spesialrom som mat og helse, musikkrom, kunst &amp; h\u00e5ndtverk og maskinrom mm.<\/p>\n<p>I forkant av selve byggingen skal den eksisterende skolen rives, dette vil skje i to deler, der oppstart for f\u00f8rste rivedel har oppstart like etter p\u00e5ske 2024. Siste del rives n\u00e5r det nye bygget st\u00e5r ferdig i f\u00f8rste kvartal 2026.<\/p>\n<h2>Fakta om byggene:<\/h2>\n<p>Skolen f\u00f8res opp i tre hele etasjer over bakken, med tekniske rom plassert p\u00e5 taket. Bygget skal utf\u00f8res med et plasst\u00f8pt b\u00e6resystem av betong. I tillegg skal det p\u00e5 enkelte delene av bygget brukes prefabrikkerte betongelementer, st\u00e5l, limtre og massivtreelementer. P\u00e5 fasaden skal det i hovedsak brukes trekledning.<\/p>\n<p>Uteomr\u00e5det rundt skolen skal opparbeides etter en ny landskapsplan fra Bl\u00e5fjell i nord og ned mot r\u00e5dhuset i s\u00f8r.<\/p>\n","protected":false},"excerpt":{"rendered":"<p>Skanska Norge AS skal bygge Nye Fillan Skole, i en totalentreprise med samspill for Hitra Kommune. Bygget vil best\u00e5 av klasserom for barne- og ungdomsskole, administrasjon, aktivitetssal og spesialrom som mat og helse, musikkrom, kunst &amp; h\u00e5ndtverk og maskinrom mm. I forkant av selve byggingen skal den eksisterende skolen rives, dette vil skje i to [&hellip;]<\/p>\n","protected":false},"author":1,"featured_media":0,"parent":0,"menu_order":0,"comment_status":"closed","ping_status":"closed","template":"","meta":{"_acf_changed":false,"footnotes":""},"class_list":["post-6","page","type-page","status-publish","hentry"],"acf":[],"_links":{"self":[{"href":"https:\/\/prosjekt.skanska.no\/fillanskole\/wp-json\/wp\/v2\/pages\/6","targetHints":{"allow":["GET"]}}],"collection":[{"href":"https:\/\/prosjekt.skanska.no\/fillanskole\/wp-json\/wp\/v2\/pages"}],"about":[{"href":"https:\/\/prosjekt.skanska.no\/fillanskole\/wp-json\/wp\/v2\/types\/page"}],"author":[{"embeddable":true,"href":"https:\/\/prosjekt.skanska.no\/fillanskole\/wp-json\/wp\/v2\/users\/1"}],"replies":[{"embeddable":true,"href":"https:\/\/prosjekt.skanska.no\/fillanskole\/wp-json\/wp\/v2\/comments?post=6"}],"version-history":[{"count":0,"href":"https:\/\/prosjekt.skanska.no\/fillanskole\/wp-json\/wp\/v2\/pages\/6\/revisions"}],"wp:attachment":[{"href":"https:\/\/prosjekt.skanska.no\/fillanskole\/wp-json\/wp\/v2\/media?parent=6"}],"curies":[{"name":"wp","href":"https:\/\/api.w.org\/{rel}","templated":true}]}}