{"id":179,"date":"2023-02-12T13:23:09","date_gmt":"2023-02-12T12:23:09","guid":{"rendered":"https:\/\/blogg.skanska.no\/gartnersletta\/sider\/"},"modified":"2024-12-13T21:18:11","modified_gmt":"2024-12-13T21:18:11","slug":"kontakt","status":"publish","type":"page","link":"https:\/\/prosjekt.skanska.no\/gartnersletta\/kontakt\/","title":{"rendered":"Kontakt"},"content":{"rendered":"<p>Vi kan til tider komme til \u00e5 v\u00e6re til sjenanse for v\u00e5re naboer. Vi vil gj\u00f8re v\u00e5rt beste for \u00e5 unng\u00e5 dette, derfor ber vi om at eventuelle klager meldes til oss.<\/p>\n<p>Leveringsinformasjon:<br \/>\n\u00d8stmarkveien 3-5<br \/>\n7040 Trondheim<\/p>\n","protected":false},"excerpt":{"rendered":"<p>Vi kan til tider komme til \u00e5 v\u00e6re til sjenanse for v\u00e5re naboer. Vi vil gj\u00f8re v\u00e5rt beste for \u00e5 unng\u00e5 dette, derfor ber vi om at eventuelle klager meldes til oss. Leveringsinformasjon: \u00d8stmarkveien 3-5 7040 Trondheim<\/p>\n","protected":false},"author":1,"featured_media":0,"parent":0,"menu_order":0,"comment_status":"closed","ping_status":"closed","template":"page-kontakt.php","meta":{"_acf_changed":false,"footnotes":""},"class_list":["post-179","page","type-page","status-publish","hentry"],"acf":[],"_links":{"self":[{"href":"https:\/\/prosjekt.skanska.no\/gartnersletta\/wp-json\/wp\/v2\/pages\/179","targetHints":{"allow":["GET"]}}],"collection":[{"href":"https:\/\/prosjekt.skanska.no\/gartnersletta\/wp-json\/wp\/v2\/pages"}],"about":[{"href":"https:\/\/prosjekt.skanska.no\/gartnersletta\/wp-json\/wp\/v2\/types\/page"}],"author":[{"embeddable":true,"href":"https:\/\/prosjekt.skanska.no\/gartnersletta\/wp-json\/wp\/v2\/users\/1"}],"replies":[{"embeddable":true,"href":"https:\/\/prosjekt.skanska.no\/gartnersletta\/wp-json\/wp\/v2\/comments?post=179"}],"version-history":[{"count":2,"href":"https:\/\/prosjekt.skanska.no\/gartnersletta\/wp-json\/wp\/v2\/pages\/179\/revisions"}],"predecessor-version":[{"id":443,"href":"https:\/\/prosjekt.skanska.no\/gartnersletta\/wp-json\/wp\/v2\/pages\/179\/revisions\/443"}],"wp:attachment":[{"href":"https:\/\/prosjekt.skanska.no\/gartnersletta\/wp-json\/wp\/v2\/media?parent=179"}],"curies":[{"name":"wp","href":"https:\/\/api.w.org\/{rel}","templated":true}]}}