{"id":334,"date":"2018-04-10T19:07:27","date_gmt":"2018-04-10T19:07:27","guid":{"rendered":"http:\/\/prosjekt.skanska.no\/?page_id=334"},"modified":"2018-04-10T19:07:27","modified_gmt":"2018-04-10T19:07:27","slug":"om-prosjektet","status":"publish","type":"page","link":"https:\/\/prosjekt.skanska.no\/ladebyhagen\/om-prosjektet\/","title":{"rendered":"Om prosjektene"},"content":{"rendered":"<h3>Byggetrinn 7:<\/h3>\n<p>Skanska Norge AS skal bygge Ladebyhagen blokk M og N, i totalentreprise for OBOS Nye Hjem.<\/p>\n<p>Prosjektet best\u00e5r av to blokker p\u00e5 7 etasjer, samt kjeller. Det blir 52 leiligheter i den ene blokken, og 28 leiligheter i den andre. Mellom de to blokkene vil det bli hageanlegg med underjordisk parkeringsanlegg. Dette er det siste av totalt 7 byggetrinn av OBOS\u2019 utbygging av et nytt kvartal med 600 boliger \u2013 Ladebyhagen.<\/p>\n<p>Byggene skal utf\u00f8res med plass-st\u00f8pte betong-konstruksjoner i kjeller. R\u00e5bygget vil i hovedsak best\u00e5 av prefabrikkerte hulldekker, prefabrikerte betongvegger\/plass-st\u00f8pte betong-vegger, og st\u00e5lb\u00e6ring. Byggene vil f\u00e5 en fasade som \u00f8vrige bygg i kvartalet, trekledning og sto puss, med innslag av platekledning. Balkongene vil best\u00e5<br \/>\nav betongelement med p\u00e5monterte st\u00e5l- og glassrekkverk. Fellesareal utomhus vil bli opparbeidet med beplantning, leke \/ -sitteplasser, og belegningsstein.<\/p>\n<p>Oppstart: August &#8211; 2023<br \/>\nOverlevering Q4 &#8211; 2025<\/p>\n<h3><strong>Byggetrinn 6:<\/strong><\/h3>\n<p>Skanska Norge skal bygge Ladebyhagen blokk K og L, Tindvedtunet i totalentreprise for OBOS Nye Hjem. Prosjektet best\u00e5r av to blokker p\u00e5 henholdsvis 6 og 7 etasjer samt kjeller. Det blir 63 leiligheter i den ene blokken, og 38 leiligheter i den andre. Mellom de to blokkene vil det bli hageanlegg med<br \/>\nunderjordisk parkeringsanlegg. Tindvedtunet er byggetrinn 6 av OBOS\u2019 utbygging av et nytt kvartal med 600 store og sm\u00e5 boliger.<\/p>\n<p>Byggene skal utf\u00f8res med plass-st\u00f8pte betongkonstruksjoner i kjeller. R\u00e5bygget vil i hovedsak best\u00e5 av prefabrikkerte hulldekker, plass-st\u00f8pte betongvegger, og st\u00e5lb\u00e6ring. Byggene vil f\u00e5 en fasade som \u00f8vrige bygg i kvartalet, trekledning og sto-puss, med innslag av platekledning. Balkongene vil best\u00e5 av betongelement med p\u00e5monterte glassrekkverk. Fellesareal utomhus vil bli opparbeidet med beplantning, leke\/-sitteplasser, og belegningsstein.<\/p>\n<p><strong>Oppstart:<\/strong> november 2021<\/p>\n<p><strong>Overlevering:<\/strong> Q4 2023<\/p>\n<p><img loading=\"lazy\" decoding=\"async\" class=\"alignnone wp-image-1270 size-large\" src=\"https:\/\/prosjekt.skanska.no\/ladebyhagen\/wp-content\/uploads\/sites\/11\/2022\/10\/Ladebyhagen-BT6-1024x575.jpg\" alt=\"\" width=\"1024\" height=\"575\" srcset=\"https:\/\/prosjekt.skanska.no\/ladebyhagen\/wp-content\/uploads\/sites\/11\/2022\/10\/Ladebyhagen-BT6-1024x575.jpg 1024w, https:\/\/prosjekt.skanska.no\/ladebyhagen\/wp-content\/uploads\/sites\/11\/2022\/10\/Ladebyhagen-BT6-300x168.jpg 300w, https:\/\/prosjekt.skanska.no\/ladebyhagen\/wp-content\/uploads\/sites\/11\/2022\/10\/Ladebyhagen-BT6-768x431.jpg 768w, https:\/\/prosjekt.skanska.no\/ladebyhagen\/wp-content\/uploads\/sites\/11\/2022\/10\/Ladebyhagen-BT6-1536x862.jpg 1536w, https:\/\/prosjekt.skanska.no\/ladebyhagen\/wp-content\/uploads\/sites\/11\/2022\/10\/Ladebyhagen-BT6.jpg 1817w\" sizes=\"auto, (max-width: 1024px) 100vw, 1024px\" \/><\/p>\n<h3><strong>Andre byggetrinn:\u00a0<\/strong><\/h3>\n<p>Her ser du en oversikt over alle byggetrinn og navnet p\u00e5 blokkene:<\/p>\n<p><img loading=\"lazy\" decoding=\"async\" class=\"alignnone size-full wp-image-1272\" src=\"https:\/\/prosjekt.skanska.no\/ladebyhagen\/wp-content\/uploads\/sites\/11\/2022\/10\/Byggetrinn.jpg\" alt=\"\" width=\"1784\" height=\"1339\" srcset=\"https:\/\/prosjekt.skanska.no\/ladebyhagen\/wp-content\/uploads\/sites\/11\/2022\/10\/Byggetrinn.jpg 1784w, https:\/\/prosjekt.skanska.no\/ladebyhagen\/wp-content\/uploads\/sites\/11\/2022\/10\/Byggetrinn-scaled-1.jpg 300w, https:\/\/prosjekt.skanska.no\/ladebyhagen\/wp-content\/uploads\/sites\/11\/2022\/10\/Byggetrinn-1024x769.jpg 1024w, https:\/\/prosjekt.skanska.no\/ladebyhagen\/wp-content\/uploads\/sites\/11\/2022\/10\/Byggetrinn-768x576.jpg 768w, https:\/\/prosjekt.skanska.no\/ladebyhagen\/wp-content\/uploads\/sites\/11\/2022\/10\/Byggetrinn-1536x1153.jpg 1536w\" sizes=\"auto, (max-width: 1784px) 100vw, 1784px\" \/><\/p>\n<p>&nbsp;<\/p>\n<p><strong>Kontaktinfo:<\/strong><\/p>\n<p>Byggherre, OBOS Nye Hjem:<\/p>\n<p>Marthe Flem Honningdalnes, prosjektleder (<a href=\"mailto:marthe.honningdalnes@obos.no\">marthe.honningdalnes@obos.no<\/a>)<\/p>\n<p>Totalentrepren\u00f8r, Skanska Norge:<\/p>\n<p>Tom Johansen, prosjektleder (<a href=\"mailto:tom.johansen@skanska.no\">tom.johansen@skanska.no<\/a>)<\/p>\n","protected":false},"excerpt":{"rendered":"<p>Byggetrinn 7: Skanska Norge AS skal bygge Ladebyhagen blokk M og N, i totalentreprise for OBOS Nye Hjem. Prosjektet best\u00e5r av to blokker p\u00e5 7 etasjer, samt kjeller. Det blir 52 leiligheter i den ene blokken, og 28 leiligheter i den andre. Mellom de to blokkene vil det bli hageanlegg med underjordisk parkeringsanlegg. Dette er [&hellip;]<\/p>\n","protected":false},"author":1,"featured_media":0,"parent":0,"menu_order":0,"comment_status":"closed","ping_status":"closed","template":"","meta":{"_acf_changed":false,"footnotes":""},"class_list":["post-334","page","type-page","status-publish","hentry"],"acf":[],"_links":{"self":[{"href":"https:\/\/prosjekt.skanska.no\/ladebyhagen\/wp-json\/wp\/v2\/pages\/334","targetHints":{"allow":["GET"]}}],"collection":[{"href":"https:\/\/prosjekt.skanska.no\/ladebyhagen\/wp-json\/wp\/v2\/pages"}],"about":[{"href":"https:\/\/prosjekt.skanska.no\/ladebyhagen\/wp-json\/wp\/v2\/types\/page"}],"author":[{"embeddable":true,"href":"https:\/\/prosjekt.skanska.no\/ladebyhagen\/wp-json\/wp\/v2\/users\/1"}],"replies":[{"embeddable":true,"href":"https:\/\/prosjekt.skanska.no\/ladebyhagen\/wp-json\/wp\/v2\/comments?post=334"}],"version-history":[{"count":0,"href":"https:\/\/prosjekt.skanska.no\/ladebyhagen\/wp-json\/wp\/v2\/pages\/334\/revisions"}],"wp:attachment":[{"href":"https:\/\/prosjekt.skanska.no\/ladebyhagen\/wp-json\/wp\/v2\/media?parent=334"}],"curies":[{"name":"wp","href":"https:\/\/api.w.org\/{rel}","templated":true}]}}