{"id":343,"date":"2018-04-11T13:41:38","date_gmt":"2018-04-11T13:41:38","guid":{"rendered":"http:\/\/prosjekt.skanska.no\/?page_id=343"},"modified":"2024-12-13T14:14:27","modified_gmt":"2024-12-13T14:14:27","slug":"kontakt-oss","status":"publish","type":"page","link":"https:\/\/prosjekt.skanska.no\/ladebyhagen\/kontakt-oss\/","title":{"rendered":"Kontakt oss"},"content":{"rendered":"<p>Vi kan til tider komme til \u00e5 v\u00e6re til sjenanse for v\u00e5re naboer. Vi vil gj\u00f8re v\u00e5rt beste for \u00e5 unng\u00e5 dette, derfor ber vi om at eventuelle klager meldes til oss.<\/p>\n<p><strong>Prosjektkontor\/varelevering:<\/strong><br \/>\nH\u00e5kon Magnussons gate 30<br \/>\n7041 Trondheim<\/p>\n","protected":false},"excerpt":{"rendered":"<p>Vi kan til tider komme til \u00e5 v\u00e6re til sjenanse for v\u00e5re naboer. Vi vil gj\u00f8re v\u00e5rt beste for \u00e5 unng\u00e5 dette, derfor ber vi om at eventuelle klager meldes til oss. Prosjektkontor\/varelevering: H\u00e5kon Magnussons gate 30 7041 Trondheim<\/p>\n","protected":false},"author":1,"featured_media":0,"parent":0,"menu_order":0,"comment_status":"closed","ping_status":"closed","template":"page-kontakt.php","meta":{"_acf_changed":false,"footnotes":""},"class_list":["post-343","page","type-page","status-publish","hentry"],"acf":[],"_links":{"self":[{"href":"https:\/\/prosjekt.skanska.no\/ladebyhagen\/wp-json\/wp\/v2\/pages\/343","targetHints":{"allow":["GET"]}}],"collection":[{"href":"https:\/\/prosjekt.skanska.no\/ladebyhagen\/wp-json\/wp\/v2\/pages"}],"about":[{"href":"https:\/\/prosjekt.skanska.no\/ladebyhagen\/wp-json\/wp\/v2\/types\/page"}],"author":[{"embeddable":true,"href":"https:\/\/prosjekt.skanska.no\/ladebyhagen\/wp-json\/wp\/v2\/users\/1"}],"replies":[{"embeddable":true,"href":"https:\/\/prosjekt.skanska.no\/ladebyhagen\/wp-json\/wp\/v2\/comments?post=343"}],"version-history":[{"count":1,"href":"https:\/\/prosjekt.skanska.no\/ladebyhagen\/wp-json\/wp\/v2\/pages\/343\/revisions"}],"predecessor-version":[{"id":1636,"href":"https:\/\/prosjekt.skanska.no\/ladebyhagen\/wp-json\/wp\/v2\/pages\/343\/revisions\/1636"}],"wp:attachment":[{"href":"https:\/\/prosjekt.skanska.no\/ladebyhagen\/wp-json\/wp\/v2\/media?parent=343"}],"curies":[{"name":"wp","href":"https:\/\/api.w.org\/{rel}","templated":true}]}}