{"id":18,"date":"2025-12-18T09:15:24","date_gmt":"2025-12-18T08:15:24","guid":{"rendered":"https:\/\/prosjekt.skanska.no\/lillebytunet\/?page_id=18"},"modified":"2026-04-29T10:42:47","modified_gmt":"2026-04-29T08:42:47","slug":"om-prosjektet","status":"publish","type":"page","link":"https:\/\/prosjekt.skanska.no\/lillebytunet\/om-prosjektet\/","title":{"rendered":"Om prosjektet"},"content":{"rendered":"<p>Skanska Norge AS skal bygge Lillebytunet, i en totalentreprise for Skanska Bolig.<\/p>\n<p>Lillebytunet ligger sentralt p\u00e5 Lilleby i Trondheim, med Stj\u00f8rdalsvegen i nord og jernbanen i s\u00f8r. Prosjektet best\u00e5r av fire frittst\u00e5ende leilighetsbygg p\u00e5 6-8 etasjer, samt sju rekkehus. Mellom byggene vil det etableres et gr\u00f8nt og solrikt g\u00e5rdsrom med underjordisk parkeringsanlegg.<\/p>\n<p>Byggene f\u00f8res opp i en kombinasjon av plasst\u00f8pt- og prefabrikkert betong og st\u00e5lb\u00e6ring. Fasadene vil gli godt inn i \u00f8vrig bebyggelse i omr\u00e5det, og utf\u00f8res i skjermtegl, trekledning og puss. Balkongene leveres som betongelement med tremmegulv og spilerekkverk i lakkert st\u00e5l.<\/p>\n<p>Trinn 1 best\u00e5r av bygg A og B, med hhv. 27 og 24 leiligheter. Byggene oppf\u00f8res i seks etasjer, med en inntrapping i de to \u00f8verste etasjene.<\/p>\n<p>Oppstart trinn 1: Q2 &#8211; 2026<\/p>\n<p>Overlevering trinn 1: Q1 -2028<\/p>\n<p><img loading=\"lazy\" decoding=\"async\" class=\"alignnone wp-image-57\" src=\"https:\/\/prosjekt.skanska.no\/lillebytunet\/wp-content\/uploads\/sites\/38\/2026\/04\/Blogg-2-300x178.png\" alt=\"\" width=\"876\" height=\"520\" srcset=\"https:\/\/prosjekt.skanska.no\/lillebytunet\/wp-content\/uploads\/sites\/38\/2026\/04\/Blogg-2-300x178.png 300w, https:\/\/prosjekt.skanska.no\/lillebytunet\/wp-content\/uploads\/sites\/38\/2026\/04\/Blogg-2-1024x608.png 1024w, https:\/\/prosjekt.skanska.no\/lillebytunet\/wp-content\/uploads\/sites\/38\/2026\/04\/Blogg-2-768x456.png 768w, https:\/\/prosjekt.skanska.no\/lillebytunet\/wp-content\/uploads\/sites\/38\/2026\/04\/Blogg-2.png 1480w\" sizes=\"auto, (max-width: 876px) 100vw, 876px\" \/><\/p>\n<p>&nbsp;<\/p>\n<p><img loading=\"lazy\" decoding=\"async\" class=\"alignnone wp-image-59\" src=\"https:\/\/prosjekt.skanska.no\/lillebytunet\/wp-content\/uploads\/sites\/38\/2026\/04\/Fremdriftsplan-hjemmeside-300x82.png\" alt=\"\" width=\"889\" height=\"243\" srcset=\"https:\/\/prosjekt.skanska.no\/lillebytunet\/wp-content\/uploads\/sites\/38\/2026\/04\/Fremdriftsplan-hjemmeside-300x82.png 300w, https:\/\/prosjekt.skanska.no\/lillebytunet\/wp-content\/uploads\/sites\/38\/2026\/04\/Fremdriftsplan-hjemmeside-1024x280.png 1024w, https:\/\/prosjekt.skanska.no\/lillebytunet\/wp-content\/uploads\/sites\/38\/2026\/04\/Fremdriftsplan-hjemmeside-768x210.png 768w, https:\/\/prosjekt.skanska.no\/lillebytunet\/wp-content\/uploads\/sites\/38\/2026\/04\/Fremdriftsplan-hjemmeside-1536x420.png 1536w, https:\/\/prosjekt.skanska.no\/lillebytunet\/wp-content\/uploads\/sites\/38\/2026\/04\/Fremdriftsplan-hjemmeside.png 1627w\" sizes=\"auto, (max-width: 889px) 100vw, 889px\" \/><\/p>\n<p>&nbsp;<\/p>\n<p><b>Interessert i ny bolig p\u00e5 Lillebytunet?<\/b><\/p>\n<p><img loading=\"lazy\" decoding=\"async\" class=\"alignnone  wp-image-48\" src=\"https:\/\/prosjekt.skanska.no\/lillebytunet\/wp-content\/uploads\/sites\/38\/2026\/04\/Blogg-1-300x135.png\" alt=\"\" width=\"714\" height=\"321\" srcset=\"https:\/\/prosjekt.skanska.no\/lillebytunet\/wp-content\/uploads\/sites\/38\/2026\/04\/Blogg-1-300x135.png 300w, https:\/\/prosjekt.skanska.no\/lillebytunet\/wp-content\/uploads\/sites\/38\/2026\/04\/Blogg-1-768x345.png 768w, https:\/\/prosjekt.skanska.no\/lillebytunet\/wp-content\/uploads\/sites\/38\/2026\/04\/Blogg-1.png 910w\" sizes=\"auto, (max-width: 714px) 100vw, 714px\" \/><\/p>\n<p>Skanska Bolig har etablert visningssenter (se plassering p\u00e5 bilde).<\/p>\n<p>Hvis du har planer om \u00e5 flytte, har venner eller familie som er interessert i \u00e5 flytte til Lillebytunet,\u00a0 er du hjertelig velkomment til \u00e5 kontakte megler for \u00e5 avtale m\u00f8te i visningssenteret.<\/p>\n<p>Eiendomsmegler 1 Nybygg tlf: 91665104 eller sjekk <a href=\"http:\/\/lillebytunet.no\">Lillebytunet.no<\/a><\/p>\n","protected":false},"excerpt":{"rendered":"<p>Skanska Norge AS skal bygge Lillebytunet, i en totalentreprise for Skanska Bolig. Lillebytunet ligger sentralt p\u00e5 Lilleby i Trondheim, med Stj\u00f8rdalsvegen i nord og jernbanen i s\u00f8r. Prosjektet best\u00e5r av fire frittst\u00e5ende leilighetsbygg p\u00e5 6-8 etasjer, samt sju rekkehus. Mellom byggene vil det etableres et gr\u00f8nt og solrikt g\u00e5rdsrom med underjordisk parkeringsanlegg. Byggene f\u00f8res opp [&hellip;]<\/p>\n","protected":false},"author":84,"featured_media":0,"parent":0,"menu_order":0,"comment_status":"closed","ping_status":"closed","template":"","meta":{"_acf_changed":false,"footnotes":""},"class_list":["post-18","page","type-page","status-publish","hentry"],"acf":[],"_links":{"self":[{"href":"https:\/\/prosjekt.skanska.no\/lillebytunet\/wp-json\/wp\/v2\/pages\/18","targetHints":{"allow":["GET"]}}],"collection":[{"href":"https:\/\/prosjekt.skanska.no\/lillebytunet\/wp-json\/wp\/v2\/pages"}],"about":[{"href":"https:\/\/prosjekt.skanska.no\/lillebytunet\/wp-json\/wp\/v2\/types\/page"}],"author":[{"embeddable":true,"href":"https:\/\/prosjekt.skanska.no\/lillebytunet\/wp-json\/wp\/v2\/users\/84"}],"replies":[{"embeddable":true,"href":"https:\/\/prosjekt.skanska.no\/lillebytunet\/wp-json\/wp\/v2\/comments?post=18"}],"version-history":[{"count":7,"href":"https:\/\/prosjekt.skanska.no\/lillebytunet\/wp-json\/wp\/v2\/pages\/18\/revisions"}],"predecessor-version":[{"id":72,"href":"https:\/\/prosjekt.skanska.no\/lillebytunet\/wp-json\/wp\/v2\/pages\/18\/revisions\/72"}],"wp:attachment":[{"href":"https:\/\/prosjekt.skanska.no\/lillebytunet\/wp-json\/wp\/v2\/media?parent=18"}],"curies":[{"name":"wp","href":"https:\/\/api.w.org\/{rel}","templated":true}]}}