{"id":14,"date":"2022-03-23T07:12:11","date_gmt":"2022-03-23T07:12:11","guid":{"rendered":"https:\/\/nansenlokkablogg.skanska.no\/?page_id=14"},"modified":"2024-12-13T15:50:49","modified_gmt":"2024-12-13T15:50:49","slug":"kontakt","status":"publish","type":"page","link":"https:\/\/prosjekt.skanska.no\/nansenlokka\/kontakt\/","title":{"rendered":"Kontakt oss"},"content":{"rendered":"<p>Vi kan til tider komme til \u00e5 v\u00e6re til sjenanse for v\u00e5re naboer. Vi vil gj\u00f8re v\u00e5rt beste for \u00e5 unng\u00e5 dette, derfor ber vi om at eventuelle klager meldes til oss.<\/p>\n","protected":false},"excerpt":{"rendered":"<p>Vi kan til tider komme til \u00e5 v\u00e6re til sjenanse for v\u00e5re naboer. Vi vil gj\u00f8re v\u00e5rt beste for \u00e5 unng\u00e5 dette, derfor ber vi om at eventuelle klager meldes til oss.<\/p>\n","protected":false},"author":1,"featured_media":0,"parent":0,"menu_order":0,"comment_status":"closed","ping_status":"closed","template":"page-kontakt.php","meta":{"_acf_changed":false,"footnotes":""},"class_list":["post-14","page","type-page","status-publish","hentry"],"acf":[],"_links":{"self":[{"href":"https:\/\/prosjekt.skanska.no\/nansenlokka\/wp-json\/wp\/v2\/pages\/14","targetHints":{"allow":["GET"]}}],"collection":[{"href":"https:\/\/prosjekt.skanska.no\/nansenlokka\/wp-json\/wp\/v2\/pages"}],"about":[{"href":"https:\/\/prosjekt.skanska.no\/nansenlokka\/wp-json\/wp\/v2\/types\/page"}],"author":[{"embeddable":true,"href":"https:\/\/prosjekt.skanska.no\/nansenlokka\/wp-json\/wp\/v2\/users\/1"}],"replies":[{"embeddable":true,"href":"https:\/\/prosjekt.skanska.no\/nansenlokka\/wp-json\/wp\/v2\/comments?post=14"}],"version-history":[{"count":1,"href":"https:\/\/prosjekt.skanska.no\/nansenlokka\/wp-json\/wp\/v2\/pages\/14\/revisions"}],"predecessor-version":[{"id":124,"href":"https:\/\/prosjekt.skanska.no\/nansenlokka\/wp-json\/wp\/v2\/pages\/14\/revisions\/124"}],"wp:attachment":[{"href":"https:\/\/prosjekt.skanska.no\/nansenlokka\/wp-json\/wp\/v2\/media?parent=14"}],"curies":[{"name":"wp","href":"https:\/\/api.w.org\/{rel}","templated":true}]}}