{"id":17,"date":"2025-02-10T16:02:29","date_gmt":"2025-02-10T15:02:29","guid":{"rendered":"https:\/\/prosjekt.skanska.no\/ncs-p1-okonomi-og-innovasjon\/?page_id=17"},"modified":"2025-06-27T12:55:11","modified_gmt":"2025-06-27T10:55:11","slug":"om-prosjektet","status":"publish","type":"page","link":"https:\/\/prosjekt.skanska.no\/ncs-p1-okonomi-og-innovasjon\/om-prosjektet\/","title":{"rendered":"Om prosjektet"},"content":{"rendered":"<p>Skanska Norge AS skal bygge P1 \u00d8konomi og innovasjon i en totalentreprise med samspill for Statsbygg. Universitetsbygget vil ha et samlet areal p\u00e5 om lag 18\u00a0000 m\u00b2 fordelt over seks etasjer, inkludert kjeller. Bygget vil romme fagmilj\u00f8et innenfor industriell \u00f8konomi og teknologiledelse. Som en del av prosjektet vil det ogs\u00e5 etableres en universelt utformet bruforbindelse med sn\u00f8smeltingsanlegg, som sikrer enkel adkomst til Gl\u00f8shaugen-plat\u00e5et \u00e5ret rundt.<\/p>\n<p>&nbsp;<\/p>\n<p><strong>Helse, milj\u00f8 og sikkerhet <\/strong><\/p>\n<p>I Skanska tar vi sikkerhet p\u00e5 alvor og skal s\u00f8rge for et trygt og forsvarlig arbeidsmilj\u00f8. V\u00e5rt m\u00e5l er at ingen skal bli skadet eller syke som f\u00f8lge av prosjektet. Vi skal s\u00f8rge for at alle involverte i lokalsamfunnet skal f\u00f8le seg trygg under hele byggeperioden.<\/p>\n<p>Det vil kunne oppst\u00e5 st\u00f8y og st\u00f8v i perioder, s\u00e6rlig i forbindelse med massetransport og montasjearbeider. Vi f\u00f8lger gjeldende retningslinjer og arbeider kontinuerlig for \u00e5 redusere belastningen for n\u00e6romr\u00e5det.<\/p>\n<p>&nbsp;<\/p>\n<p><strong>Om bloggen<\/strong><\/p>\n<p>Bloggen er opprettet som en informasjonskanal for \u00e5 gi naboer og andre som ferdes i omr\u00e5det oppdatert informasjon om endringer i prosjektet. Meld dere gjerne p\u00e5 nyhetsbrevet for \u00e5 sikre at dere mottar relevant epostvarsel hver gang vi legger ut nye meldinger.<\/p>\n<p>Statsbygg har nyhetsbrev for hele NTNU Campussamlingsprosjektet. Det finner dere ved \u00e5 g\u00e5 til Statsbyggs nettsider (<a href=\"https:\/\/www.statsbygg.no\/prosjekter-og-eiendommer\/ntnu-campussamling\">https:\/\/www.statsbygg.no\/prosjekter-og-eiendommer\/ntnu-campussamling<\/a> ) og kapittelet \u00abFor naboer\u00bb der du kan melde deg p\u00e5 nyhetsbrevet og lese tidligere utgaver.<\/p>\n<p>&nbsp;<\/p>\n<p><strong>Trafikksikkerhet og anleggstrafikk <\/strong><\/p>\n<p>I forbindelse med arbeidene p\u00e5 byggeplassen, og s\u00e6rlig i periodene med grunnarbeid og r\u00e5bygg, vil det v\u00e6re \u00f8kt anleggstrafikk i omr\u00e5det. Dette vil v\u00e6re godt skiltet og dere skal f\u00f8le dere trygg rundt byggeplassen. Vi etterstreber at all anleggstrafikk benytter krysset Elgeseter gate \/ Gl\u00f8shaugveien ved inn- og utkj\u00f8ring for \u00e5 redusere trafikkbelastningen i n\u00e6romr\u00e5det. Byggeplassen sikres med byggegjerder, porter og elektroniske kj\u00f8reporter, som hindrer u\u00f8nsket ferdsel.<\/p>\n<p>&nbsp;<\/p>\n<p><strong>Arbeidstid<\/strong><\/p>\n<p>Selv om vi \u00f8nsker \u00e5 v\u00e6re til minst mulig ulempe for v\u00e5re omgivelser, vil byggearbeidene n\u00f8dvendigvis merkes. Arbeidet vil normalt p\u00e5g\u00e5 i tidsrommet 07:00\u201319:00. Det kan i perioder bli n\u00f8dvendig \u00e5 utvide arbeidstiden. Eventuelle endringer vil bli varslet gjennom bloggen. Byggearbeidene skal etter planen p\u00e5g\u00e5 frem til slutten av 2027.<\/p>\n<p>&nbsp;<\/p>\n<p><strong>Milj\u00f8 og nabohensyn<\/strong><\/p>\n<p>Vi vurderer fortl\u00f8pende tiltak for \u00e5 begrense st\u00f8v og redusere belastningen p\u00e5 n\u00e6romr\u00e5det. Blant tiltakene vi benytter er rengj\u00f8ring\/feiing av veinett ved behov, vannt\u00e5ke p\u00e5 maskiner ved eventuelle sv\u00e6rt st\u00f8vende gravearbeider, avsug p\u00e5 st\u00f8vende maskiner og utstyr, samt l\u00f8pende rengj\u00f8ring av arealer knyttet til st\u00f8vende arbeider. Vi vil ogs\u00e5 ha stort fokus p\u00e5 sikring av varer og avfall slik at dette ikke bl\u00e5ser utover anleggsomr\u00e5det.<\/p>\n<p>Det vil kunne oppst\u00e5 st\u00f8y i perioder, s\u00e6rlig i forbindelse med massetransport og montasjearbeider. For \u00e5 begrense dette vil vi bruke st\u00f8ysvake maskiner og utstyr, skjerme omr\u00e5der hvor det foreg\u00e5r betongboring og -saging, og begrense tomgangskj\u00f8ring. I tillegg vil vi plassere ut st\u00f8ym\u00e5lere p\u00e5 bygninger vi anser som spesielt utsatt, slik at vi kan f\u00f8lge opp niv\u00e5ene.<\/p>\n<p>Det vil etableres belysning i master og ledstriper p\u00e5 byggeplassgjerder for \u00e5 sikre trygg ferdsel og god oversikt p\u00e5 omr\u00e5det. Lys kan slukkes utenfor arbeidstid om dette blir sjenerende.<\/p>\n<p>&nbsp;<\/p>\n<p><strong>Kontakt<\/strong><\/p>\n<p>Sp\u00f8rsm\u00e5l om prosjektet kan rettes til: <a href=\"mailto:odin.damas@skanska.no\">odin.damas@skanska.no<\/a><\/p>\n","protected":false},"excerpt":{"rendered":"<p>Skanska Norge AS skal bygge P1 \u00d8konomi og innovasjon i en totalentreprise med samspill for Statsbygg. Universitetsbygget vil ha et samlet areal p\u00e5 om lag 18\u00a0000 m\u00b2 fordelt over seks etasjer, inkludert kjeller. Bygget vil romme fagmilj\u00f8et innenfor industriell \u00f8konomi og teknologiledelse. Som en del av prosjektet vil det ogs\u00e5 etableres en universelt utformet bruforbindelse [&hellip;]<\/p>\n","protected":false},"author":26,"featured_media":0,"parent":0,"menu_order":0,"comment_status":"closed","ping_status":"closed","template":"","meta":{"_acf_changed":false,"footnotes":""},"class_list":["post-17","page","type-page","status-publish","hentry"],"acf":[],"_links":{"self":[{"href":"https:\/\/prosjekt.skanska.no\/ncs-p1-okonomi-og-innovasjon\/wp-json\/wp\/v2\/pages\/17","targetHints":{"allow":["GET"]}}],"collection":[{"href":"https:\/\/prosjekt.skanska.no\/ncs-p1-okonomi-og-innovasjon\/wp-json\/wp\/v2\/pages"}],"about":[{"href":"https:\/\/prosjekt.skanska.no\/ncs-p1-okonomi-og-innovasjon\/wp-json\/wp\/v2\/types\/page"}],"author":[{"embeddable":true,"href":"https:\/\/prosjekt.skanska.no\/ncs-p1-okonomi-og-innovasjon\/wp-json\/wp\/v2\/users\/26"}],"replies":[{"embeddable":true,"href":"https:\/\/prosjekt.skanska.no\/ncs-p1-okonomi-og-innovasjon\/wp-json\/wp\/v2\/comments?post=17"}],"version-history":[{"count":3,"href":"https:\/\/prosjekt.skanska.no\/ncs-p1-okonomi-og-innovasjon\/wp-json\/wp\/v2\/pages\/17\/revisions"}],"predecessor-version":[{"id":33,"href":"https:\/\/prosjekt.skanska.no\/ncs-p1-okonomi-og-innovasjon\/wp-json\/wp\/v2\/pages\/17\/revisions\/33"}],"wp:attachment":[{"href":"https:\/\/prosjekt.skanska.no\/ncs-p1-okonomi-og-innovasjon\/wp-json\/wp\/v2\/media?parent=17"}],"curies":[{"name":"wp","href":"https:\/\/api.w.org\/{rel}","templated":true}]}}