{"id":8,"date":"2024-09-01T22:03:28","date_gmt":"2024-09-01T20:03:28","guid":{"rendered":"https:\/\/blogg.skanska.no\/novapark\/sider\/"},"modified":"2024-09-01T22:03:28","modified_gmt":"2024-09-01T20:03:28","slug":"om-prosjektet","status":"publish","type":"page","link":"https:\/\/prosjekt.skanska.no\/novapark\/om-prosjektet\/","title":{"rendered":"Om prosjektet"},"content":{"rendered":"<p>Nova Park er et spennende boligprosjekt i Kongsberg, utviklet av Skanska Bolig. Prosjektet best\u00e5r av moderne leiligheter som kombinerer h\u00f8y bokvalitet med n\u00e6rhet til b\u00e5de byliv og naturskj\u00f8nne omgivelser. Med sitt fokus p\u00e5 b\u00e6rekraft og funksjonell design, tilbyr Nova Park boliger som m\u00f8ter fremtidens krav til energieffektivitet og komfort.<\/p>\n<p><a href=\"https:\/\/prosjekt.skanska.no\/novapark\/wp-content\/uploads\/sites\/21\/2024\/09\/Nova-blogg-2.jpg\"><img loading=\"lazy\" decoding=\"async\" src=\"https:\/\/prosjekt.skanska.no\/novapark\/wp-content\/uploads\/sites\/21\/2024\/09\/Nova-blogg-2-1024x576.jpg\" alt=\"\" width=\"1024\" height=\"576\" \/><\/a><\/p>\n<p>Leilighetene er utformet med tanke p\u00e5 varierte livsstiler, fra sm\u00e5 leiligheter som passer for f\u00f8rstegangskj\u00f8pere, til st\u00f8rre enheter for familier.<\/p>\n<p>Prosjektet ligger i et attraktivt omr\u00e5de med kort vei til kollektivtransport, butikker, og rekreasjonsmuligheter, noe som gj\u00f8r det ideelt for de som \u00f8nsker \u00e5 bo sentralt, men samtidig ha tilgang til naturen og det vakre landskapet rundt Kongsberg.<\/p>\n<p>Nova Park er ogs\u00e5 en del av en st\u00f8rre utvikling i Kongsberg, som gradvis blir en mer levende by med en blanding av bolig, n\u00e6ring, og rekreasjon. Nova Park er et fremtidsrettet boligprosjekt som legger til rette for en b\u00e6rekraftig livsstil i hjertet av Kongsberg.<\/p>\n<p><a href=\"https:\/\/prosjekt.skanska.no\/novapark\/wp-content\/uploads\/sites\/21\/2024\/09\/Nova-blogg-3.jpg\"><img loading=\"lazy\" decoding=\"async\" src=\"https:\/\/prosjekt.skanska.no\/novapark\/wp-content\/uploads\/sites\/21\/2024\/09\/Nova-blogg-3-1024x576.jpg\" alt=\"\" width=\"1024\" height=\"576\" \/><\/a><\/p>\n","protected":false},"excerpt":{"rendered":"<p>Nova Park er et spennende boligprosjekt i Kongsberg, utviklet av Skanska Bolig. Prosjektet best\u00e5r av moderne leiligheter som kombinerer h\u00f8y bokvalitet med n\u00e6rhet til b\u00e5de byliv og naturskj\u00f8nne omgivelser. Med sitt fokus p\u00e5 b\u00e6rekraft og funksjonell design, tilbyr Nova Park boliger som m\u00f8ter fremtidens krav til energieffektivitet og komfort. Leilighetene er utformet med tanke p\u00e5 [&hellip;]<\/p>\n","protected":false},"author":1,"featured_media":0,"parent":0,"menu_order":0,"comment_status":"closed","ping_status":"closed","template":"","meta":{"_acf_changed":false,"footnotes":""},"class_list":["post-8","page","type-page","status-publish","hentry"],"acf":[],"_links":{"self":[{"href":"https:\/\/prosjekt.skanska.no\/novapark\/wp-json\/wp\/v2\/pages\/8","targetHints":{"allow":["GET"]}}],"collection":[{"href":"https:\/\/prosjekt.skanska.no\/novapark\/wp-json\/wp\/v2\/pages"}],"about":[{"href":"https:\/\/prosjekt.skanska.no\/novapark\/wp-json\/wp\/v2\/types\/page"}],"author":[{"embeddable":true,"href":"https:\/\/prosjekt.skanska.no\/novapark\/wp-json\/wp\/v2\/users\/1"}],"replies":[{"embeddable":true,"href":"https:\/\/prosjekt.skanska.no\/novapark\/wp-json\/wp\/v2\/comments?post=8"}],"version-history":[{"count":0,"href":"https:\/\/prosjekt.skanska.no\/novapark\/wp-json\/wp\/v2\/pages\/8\/revisions"}],"wp:attachment":[{"href":"https:\/\/prosjekt.skanska.no\/novapark\/wp-json\/wp\/v2\/media?parent=8"}],"curies":[{"name":"wp","href":"https:\/\/api.w.org\/{rel}","templated":true}]}}