{"id":12,"date":"2025-01-16T08:35:49","date_gmt":"2025-01-16T08:35:49","guid":{"rendered":"https:\/\/prosjekt.skanska.no\/vesteroya-skole\/?page_id=12"},"modified":"2025-03-03T12:17:43","modified_gmt":"2025-03-03T12:17:43","slug":"kontakt","status":"publish","type":"page","link":"https:\/\/prosjekt.skanska.no\/nye-vesteroya-skole\/kontakt\/","title":{"rendered":"Kontakt oss"},"content":{"rendered":"<p>Vi er opptatt av \u00e5 bevare et godt forhold til v\u00e5re naboer underveis i byggeperioden, men at det blir noe st\u00f8y og st\u00f8v er dessverre uunng\u00e5elig. Vi vil gj\u00f8re v\u00e5rt beste for \u00e5 begrense disse.<\/p>\n<p>&nbsp;<\/p>\n<p>Hvis du allikevel har noe \u00e5 utsette p\u00e5 oss, eller har noen innspill, m\u00e5 du gjerne benytte deg av postkassen vi har hengt opp p\u00e5 gjerdet utenfor byggeplassen, eller du kan sende oss en e-post p\u00e5 vesteroyaskole@skanska.no.<\/p>\n<p>&nbsp;<\/p>\n<p>Vi setter stor pris p\u00e5 deres forst\u00e5else og samarbeid!<\/p>\n","protected":false},"excerpt":{"rendered":"<p>Vi er opptatt av \u00e5 bevare et godt forhold til v\u00e5re naboer underveis i byggeperioden, men at det blir noe st\u00f8y og st\u00f8v er dessverre uunng\u00e5elig. Vi vil gj\u00f8re v\u00e5rt beste for \u00e5 begrense disse. &nbsp; Hvis du allikevel har noe \u00e5 utsette p\u00e5 oss, eller har noen innspill, m\u00e5 du gjerne benytte deg av [&hellip;]<\/p>\n","protected":false},"author":1,"featured_media":0,"parent":0,"menu_order":0,"comment_status":"closed","ping_status":"closed","template":"page-kontakt.php","meta":{"_acf_changed":false,"footnotes":""},"class_list":["post-12","page","type-page","status-publish","hentry"],"acf":[],"_links":{"self":[{"href":"https:\/\/prosjekt.skanska.no\/nye-vesteroya-skole\/wp-json\/wp\/v2\/pages\/12","targetHints":{"allow":["GET"]}}],"collection":[{"href":"https:\/\/prosjekt.skanska.no\/nye-vesteroya-skole\/wp-json\/wp\/v2\/pages"}],"about":[{"href":"https:\/\/prosjekt.skanska.no\/nye-vesteroya-skole\/wp-json\/wp\/v2\/types\/page"}],"author":[{"embeddable":true,"href":"https:\/\/prosjekt.skanska.no\/nye-vesteroya-skole\/wp-json\/wp\/v2\/users\/1"}],"replies":[{"embeddable":true,"href":"https:\/\/prosjekt.skanska.no\/nye-vesteroya-skole\/wp-json\/wp\/v2\/comments?post=12"}],"version-history":[{"count":9,"href":"https:\/\/prosjekt.skanska.no\/nye-vesteroya-skole\/wp-json\/wp\/v2\/pages\/12\/revisions"}],"predecessor-version":[{"id":134,"href":"https:\/\/prosjekt.skanska.no\/nye-vesteroya-skole\/wp-json\/wp\/v2\/pages\/12\/revisions\/134"}],"wp:attachment":[{"href":"https:\/\/prosjekt.skanska.no\/nye-vesteroya-skole\/wp-json\/wp\/v2\/media?parent=12"}],"curies":[{"name":"wp","href":"https:\/\/api.w.org\/{rel}","templated":true}]}}