{"id":15,"date":"2026-02-25T14:05:03","date_gmt":"2026-02-25T13:05:03","guid":{"rendered":"https:\/\/prosjekt.skanska.no\/oppvekstjordet\/?page_id=15"},"modified":"2026-02-26T10:23:33","modified_gmt":"2026-02-26T09:23:33","slug":"om-prosjektet","status":"publish","type":"page","link":"https:\/\/prosjekt.skanska.no\/oppvekstjordet\/om-prosjektet\/","title":{"rendered":"Om Prosjektet"},"content":{"rendered":"<p><strong>Oppvekstjordet &#8211; et moderne og fremtidsrettet oppvekstsenter<\/strong><\/p>\n<p>Prosjektet omfatter bygging av ny barnehage, barneskole, flerbrukshall, fotballbaner og n\u00e6rmilj\u00f8fasiliteter, som sammen med ungdomsskolen vil utgj\u00f8re et moderne og fremtidsrettet oppvekstsenter for barn og unge i Gjerdrum. Barnehage, barneskole og flerbrukshall vil ha et samlet areal p\u00e5 om lag 15 000 m\u00b2. Oppvekstjordet erstatter dagens barnehage og barneskole, og prosjektet er planlagt med tanke p\u00e5 fremtidige utvidelser og fleksibilitet.<\/p>\n<p>Med kommunens tydelige klima- og milj\u00f8ambisjoner skal byggene sertifiseres til BREEAM\u2011NOR \u201cVery Good\u201d-niv\u00e5, og bidra til \u00e5 redusere energibruken for skole-, barnehage- og idrettsanlegg med 40 prosent.<\/p>\n<p>&nbsp;<\/p>\n<p><strong>Helse, milj\u00f8 og sikkerhet<\/strong><\/p>\n<p>I Skanska tar vi sikkerhet p\u00e5 alvor og skal s\u00f8rge for et trygt og forsvarlig arbeidsmilj\u00f8. V\u00e5rt m\u00e5l er at ingen skal bli skadet eller syke som f\u00f8lge av prosjektet. Vi skal s\u00f8rge for at alle involverte i lokalsamfunnet skal f\u00f8le seg trygg under hele byggeperioden.<\/p>\n<p>Det vil kunne oppst\u00e5 st\u00f8y og st\u00f8v i perioder, s\u00e6rlig i forbindelse med massetransport og montasjearbeider. Vi f\u00f8lger gjeldende retningslinjer og arbeider kontinuerlig for \u00e5 redusere belastningen for n\u00e6romr\u00e5det.<\/p>\n<p>&nbsp;<\/p>\n<p><strong>Trafikksikkerhet og anleggstrafikk<\/strong><\/p>\n<p>I forbindelse med arbeidene p\u00e5 byggeplassen, og s\u00e6rlig i periodene med grunnarbeid og r\u00e5bygg, vil det v\u00e6re \u00f8kt anleggstrafikk i omr\u00e5det. Dette vil v\u00e6re godt skiltet og dere skal f\u00f8le dere trygg rundt byggeplassen. Byggeplassen sikres med byggegjerder, porter og kj\u00f8reporter, som hindrer u\u00f8nsket ferdsel.<\/p>\n<p>&nbsp;<\/p>\n<p><strong>Arbeidstid<\/strong><\/p>\n<p>Selv om vi \u00f8nsker \u00e5 v\u00e6re til minst mulig ulempe for v\u00e5re omgivelser, vil byggearbeidene n\u00f8dvendigvis merkes. Arbeidet vil normalt p\u00e5g\u00e5 i tidsrommet 07:00\u201319:00. Det kan i perioder bli n\u00f8dvendig \u00e5 utvide arbeidstiden. Eventuelle endringer vil bli varslet gjennom bloggen. Byggearbeidene skal etter planen p\u00e5g\u00e5 frem til skolestart i 2028.<\/p>\n<p>&nbsp;<\/p>\n<p><strong>Milj\u00f8 og nabohensyn<\/strong><\/p>\n<p>Vi vurderer fortl\u00f8pende tiltak for \u00e5 begrense st\u00f8v og redusere belastningen p\u00e5 n\u00e6romr\u00e5det. Blant tiltakene vi benytter er rengj\u00f8ring\/feiing av veinett ved behov. Vi vil ogs\u00e5 ha stort fokus p\u00e5 sikring av varer og avfall slik at dette ikke bl\u00e5ser utover anleggsomr\u00e5det.<\/p>\n<p>Det vil etableres belysning i master og ledstriper p\u00e5 byggeplassgjerder for \u00e5 sikre trygg ferdsel og god oversikt p\u00e5 omr\u00e5det. Lys kan slukkes utenfor arbeidstid om dette blir sjenerende.<\/p>\n","protected":false},"excerpt":{"rendered":"<p>Oppvekstjordet &#8211; et moderne og fremtidsrettet oppvekstsenter Prosjektet omfatter bygging av ny barnehage, barneskole, flerbrukshall, fotballbaner og n\u00e6rmilj\u00f8fasiliteter, som sammen med ungdomsskolen vil utgj\u00f8re et moderne og fremtidsrettet oppvekstsenter for barn og unge i Gjerdrum. Barnehage, barneskole og flerbrukshall vil ha et samlet areal p\u00e5 om lag 15 000 m\u00b2. Oppvekstjordet erstatter dagens barnehage og [&hellip;]<\/p>\n","protected":false},"author":84,"featured_media":0,"parent":0,"menu_order":0,"comment_status":"closed","ping_status":"closed","template":"","meta":{"_acf_changed":false,"footnotes":""},"class_list":["post-15","page","type-page","status-publish","hentry"],"acf":[],"_links":{"self":[{"href":"https:\/\/prosjekt.skanska.no\/oppvekstjordet\/wp-json\/wp\/v2\/pages\/15","targetHints":{"allow":["GET"]}}],"collection":[{"href":"https:\/\/prosjekt.skanska.no\/oppvekstjordet\/wp-json\/wp\/v2\/pages"}],"about":[{"href":"https:\/\/prosjekt.skanska.no\/oppvekstjordet\/wp-json\/wp\/v2\/types\/page"}],"author":[{"embeddable":true,"href":"https:\/\/prosjekt.skanska.no\/oppvekstjordet\/wp-json\/wp\/v2\/users\/84"}],"replies":[{"embeddable":true,"href":"https:\/\/prosjekt.skanska.no\/oppvekstjordet\/wp-json\/wp\/v2\/comments?post=15"}],"version-history":[{"count":4,"href":"https:\/\/prosjekt.skanska.no\/oppvekstjordet\/wp-json\/wp\/v2\/pages\/15\/revisions"}],"predecessor-version":[{"id":34,"href":"https:\/\/prosjekt.skanska.no\/oppvekstjordet\/wp-json\/wp\/v2\/pages\/15\/revisions\/34"}],"wp:attachment":[{"href":"https:\/\/prosjekt.skanska.no\/oppvekstjordet\/wp-json\/wp\/v2\/media?parent=15"}],"curies":[{"name":"wp","href":"https:\/\/api.w.org\/{rel}","templated":true}]}}