{"id":212,"date":"2023-11-30T08:31:45","date_gmt":"2023-11-30T07:31:45","guid":{"rendered":"https:\/\/blogg.skanska.no\/opshalogalandsvegen\/sider\/"},"modified":"2026-02-25T18:45:52","modified_gmt":"2026-02-25T18:45:52","slug":"informasjonsmoter","status":"publish","type":"page","link":"https:\/\/prosjekt.skanska.no\/opshalogalandsvegen\/informasjonsmoter\/","title":{"rendered":"V\u00e5rens folkem\u00f8ter"},"content":{"rendered":"<h1>I vinter og v\u00e5r tar vi for oss<br \/>\nhvordan man skal opptre i tunnel<br \/>\ndersom det skjer<br \/>\nen ulykke evt brann<\/h1>\n<p>&nbsp;<\/p>\n<h3>Dere m\u00f8ter oss kl. 18:00 p\u00e5 disse stedene:<\/h3>\n<ul>\n<li>\n<h3>28. januar &#8211; <span style=\"font-size: 16px\">\u00c5rbogen (Sandtorg Klubbhus)<\/span><\/h3>\n<\/li>\n<li>\n<h3>4. mars &#8211; Tjeldsund (Tjeldsundbrua Kro og hotell)<\/h3>\n<\/li>\n<li>\n<h3>6. mai &#8211; L\u00f8dingen (L\u00f8dingen skole)<\/h3>\n<\/li>\n<li>\n<h3>10. juni &#8211; Kongsvik (Kongsvik kirke)<\/h3>\n<\/li>\n<\/ul>\n<p>__________________________________________________________________________<\/p>\n<p>&nbsp;<\/p>\n","protected":false},"excerpt":{"rendered":"<p>I vinter og v\u00e5r tar vi for oss hvordan man skal opptre i tunnel dersom det skjer en ulykke evt brann &nbsp; Dere m\u00f8ter oss kl. 18:00 p\u00e5 disse stedene: 28. januar &#8211; \u00c5rbogen (Sandtorg Klubbhus) 4. mars &#8211; Tjeldsund (Tjeldsundbrua Kro og hotell) 6. mai &#8211; L\u00f8dingen (L\u00f8dingen skole) 10. juni &#8211; Kongsvik (Kongsvik [&hellip;]<\/p>\n","protected":false},"author":1,"featured_media":1306,"parent":0,"menu_order":0,"comment_status":"closed","ping_status":"closed","template":"","meta":{"_acf_changed":false,"footnotes":""},"class_list":["post-212","page","type-page","status-publish","has-post-thumbnail","hentry"],"acf":[],"_links":{"self":[{"href":"https:\/\/prosjekt.skanska.no\/opshalogalandsvegen\/wp-json\/wp\/v2\/pages\/212","targetHints":{"allow":["GET"]}}],"collection":[{"href":"https:\/\/prosjekt.skanska.no\/opshalogalandsvegen\/wp-json\/wp\/v2\/pages"}],"about":[{"href":"https:\/\/prosjekt.skanska.no\/opshalogalandsvegen\/wp-json\/wp\/v2\/types\/page"}],"author":[{"embeddable":true,"href":"https:\/\/prosjekt.skanska.no\/opshalogalandsvegen\/wp-json\/wp\/v2\/users\/1"}],"replies":[{"embeddable":true,"href":"https:\/\/prosjekt.skanska.no\/opshalogalandsvegen\/wp-json\/wp\/v2\/comments?post=212"}],"version-history":[{"count":42,"href":"https:\/\/prosjekt.skanska.no\/opshalogalandsvegen\/wp-json\/wp\/v2\/pages\/212\/revisions"}],"predecessor-version":[{"id":1344,"href":"https:\/\/prosjekt.skanska.no\/opshalogalandsvegen\/wp-json\/wp\/v2\/pages\/212\/revisions\/1344"}],"wp:featuredmedia":[{"embeddable":true,"href":"https:\/\/prosjekt.skanska.no\/opshalogalandsvegen\/wp-json\/wp\/v2\/media\/1306"}],"wp:attachment":[{"href":"https:\/\/prosjekt.skanska.no\/opshalogalandsvegen\/wp-json\/wp\/v2\/media?parent=212"}],"curies":[{"name":"wp","href":"https:\/\/api.w.org\/{rel}","templated":true}]}}