{"id":44,"date":"2022-11-18T11:44:41","date_gmt":"2022-11-18T10:44:41","guid":{"rendered":"https:\/\/blogg.skanska.no\/radhuspassasjen\/sider\/"},"modified":"2024-12-13T13:59:33","modified_gmt":"2024-12-13T13:59:33","slug":"kontakt","status":"publish","type":"page","link":"https:\/\/prosjekt.skanska.no\/radhuspassasjen\/kontakt\/","title":{"rendered":"Kontakt"},"content":{"rendered":"<p>Vi kan til tider komme til \u00e5 v\u00e6re til sjenanse for v\u00e5re naboer, samtidig vil vi gj\u00f8re v\u00e5rt beste for \u00e5 unng\u00e5 dette. Meld deg p\u00e5 v\u00e5rt nyhetsbrev for \u00e5 bli informert om de n\u00e6rmeste og kommende aktivitetene p\u00e5 prosjektet.<\/p>\n<p>Eventuelle klager meldes til oss.<\/p>\n","protected":false},"excerpt":{"rendered":"<p>Vi kan til tider komme til \u00e5 v\u00e6re til sjenanse for v\u00e5re naboer, samtidig vil vi gj\u00f8re v\u00e5rt beste for \u00e5 unng\u00e5 dette. Meld deg p\u00e5 v\u00e5rt nyhetsbrev for \u00e5 bli informert om de n\u00e6rmeste og kommende aktivitetene p\u00e5 prosjektet. Eventuelle klager meldes til oss.<\/p>\n","protected":false},"author":14,"featured_media":0,"parent":0,"menu_order":0,"comment_status":"closed","ping_status":"closed","template":"page-kontakt.php","meta":{"_acf_changed":false,"footnotes":""},"class_list":["post-44","page","type-page","status-publish","hentry"],"acf":[],"_links":{"self":[{"href":"https:\/\/prosjekt.skanska.no\/radhuspassasjen\/wp-json\/wp\/v2\/pages\/44","targetHints":{"allow":["GET"]}}],"collection":[{"href":"https:\/\/prosjekt.skanska.no\/radhuspassasjen\/wp-json\/wp\/v2\/pages"}],"about":[{"href":"https:\/\/prosjekt.skanska.no\/radhuspassasjen\/wp-json\/wp\/v2\/types\/page"}],"author":[{"embeddable":true,"href":"https:\/\/prosjekt.skanska.no\/radhuspassasjen\/wp-json\/wp\/v2\/users\/14"}],"replies":[{"embeddable":true,"href":"https:\/\/prosjekt.skanska.no\/radhuspassasjen\/wp-json\/wp\/v2\/comments?post=44"}],"version-history":[{"count":1,"href":"https:\/\/prosjekt.skanska.no\/radhuspassasjen\/wp-json\/wp\/v2\/pages\/44\/revisions"}],"predecessor-version":[{"id":487,"href":"https:\/\/prosjekt.skanska.no\/radhuspassasjen\/wp-json\/wp\/v2\/pages\/44\/revisions\/487"}],"wp:attachment":[{"href":"https:\/\/prosjekt.skanska.no\/radhuspassasjen\/wp-json\/wp\/v2\/media?parent=44"}],"curies":[{"name":"wp","href":"https:\/\/api.w.org\/{rel}","templated":true}]}}