{"id":42,"date":"2023-12-10T15:27:44","date_gmt":"2023-12-10T14:27:44","guid":{"rendered":"https:\/\/blogg.skanska.no\/roax\/sider\/"},"modified":"2024-12-13T23:38:45","modified_gmt":"2024-12-13T23:38:45","slug":"kontakt","status":"publish","type":"page","link":"https:\/\/prosjekt.skanska.no\/roax\/kontakt\/","title":{"rendered":"Kontakt oss"},"content":{"rendered":"<p>Vi har laget denne siden for \u00e5 holde deg oppdatert og dele om utviklingen p\u00e5 byggeplass. Dette er stedet hvor vi varsler om ting du b\u00f8r v\u00e6re klar over og endringer som kan p\u00e5virke n\u00e6romr\u00e5det.<\/p>\n<p>Dersom du har behov for \u00e5 ta kontakt eller \u00f8nsker mer informasjon, finner du kontaktinformasjon til oss under.<\/p>\n<p>&nbsp;<\/p>\n<p>&nbsp;<\/p>\n<p>Skanska Norge AS, Eiendomsutvikling\/Bygg Oslo<br \/>\nLakkegata 53,<br \/>\n0187 Oslo<\/p>\n<p>Viktige telefoner:<br \/>\nBrann 110<br \/>\nPoliti 112<br \/>\nAmbulanse 113<br \/>\nSkanska Norge AS +47\u202f400 06 400<\/p>\n<p>R\u00f8a X &#8211; prosjektets telefonnummer +47 452 08 792<br \/>\nNummeret er betjent mandag-fredag kl 09-15<\/p>\n<p>&nbsp;<\/p>\n","protected":false},"excerpt":{"rendered":"<p>Vi har laget denne siden for \u00e5 holde deg oppdatert og dele om utviklingen p\u00e5 byggeplass. Dette er stedet hvor vi varsler om ting du b\u00f8r v\u00e6re klar over og endringer som kan p\u00e5virke n\u00e6romr\u00e5det. Dersom du har behov for \u00e5 ta kontakt eller \u00f8nsker mer informasjon, finner du kontaktinformasjon til oss under. &nbsp; &nbsp; [&hellip;]<\/p>\n","protected":false},"author":1,"featured_media":0,"parent":0,"menu_order":0,"comment_status":"closed","ping_status":"closed","template":"page-kontakt.php","meta":{"_acf_changed":false,"footnotes":""},"class_list":["post-42","page","type-page","status-publish","hentry"],"acf":[],"_links":{"self":[{"href":"https:\/\/prosjekt.skanska.no\/roax\/wp-json\/wp\/v2\/pages\/42","targetHints":{"allow":["GET"]}}],"collection":[{"href":"https:\/\/prosjekt.skanska.no\/roax\/wp-json\/wp\/v2\/pages"}],"about":[{"href":"https:\/\/prosjekt.skanska.no\/roax\/wp-json\/wp\/v2\/types\/page"}],"author":[{"embeddable":true,"href":"https:\/\/prosjekt.skanska.no\/roax\/wp-json\/wp\/v2\/users\/1"}],"replies":[{"embeddable":true,"href":"https:\/\/prosjekt.skanska.no\/roax\/wp-json\/wp\/v2\/comments?post=42"}],"version-history":[{"count":2,"href":"https:\/\/prosjekt.skanska.no\/roax\/wp-json\/wp\/v2\/pages\/42\/revisions"}],"predecessor-version":[{"id":247,"href":"https:\/\/prosjekt.skanska.no\/roax\/wp-json\/wp\/v2\/pages\/42\/revisions\/247"}],"wp:attachment":[{"href":"https:\/\/prosjekt.skanska.no\/roax\/wp-json\/wp\/v2\/media?parent=42"}],"curies":[{"name":"wp","href":"https:\/\/api.w.org\/{rel}","templated":true}]}}