{"id":6,"date":"2023-12-10T15:28:02","date_gmt":"2023-12-10T14:28:02","guid":{"rendered":"https:\/\/blogg.skanska.no\/roax\/sider\/"},"modified":"2024-12-13T23:39:08","modified_gmt":"2024-12-13T23:39:08","slug":"om-prosjektet","status":"publish","type":"page","link":"https:\/\/prosjekt.skanska.no\/roax\/om-prosjektet\/","title":{"rendered":"Om prosjektet"},"content":{"rendered":"<p>Skanska Norge AS skal bygge 56 nye leiligheter og to n\u00e6ringsseksjoner midt i krysset p\u00e5 R\u00f8a. Meld deg p\u00e5 nyhetsbrev her og hold deg oppdatert gjennom hele byggetiden. Vi \u00f8nsker \u00e5 informere i god tid f\u00f8r noe skjer og vil varsle om endringer som vil skje i l\u00f8pet av byggetiden p\u00e5 denne siden og i nyhetsbrev.<\/p>\n<p>Skanska Norge AS skal i totalentreprise for byggherre Skanska Eiendomsutvikling bygge 56 leiligheter og to n\u00e6ringsseksjoner. I tillegg skal Skanska flytte et verneverdig gammelt hus til en ny posisjon p\u00e5 eiendommen. Prosjektet fordeler seg p\u00e5 4 hus, p\u00e5 4-5 etasjer, med parkeringskjeller. I tillegg eier Skanska \u00abDet gule huset\u00bb som ligger inntil R\u00f8akrysset. Huset benyttes som visningslokale for prosjektet, og som anleggskontor i byggefasen.<\/p>\n<p>Prosjektet skal sertifiseres iht. BREAM- NOR Very Good.<\/p>\n<p>Boligprosjektet R\u00f8a X er planlagt \u00e5 v\u00e6re ferdig i juni 2026. De siste uteomr\u00e5dene ferdigstilles senest h\u00f8sten 2026.<\/p>\n<p><strong>HMS<\/strong><\/p>\n<p>I Skanska tar vi sikkerhet p\u00e5 alvor og vil s\u00f8rge for et trygt og forsvarlig arbeidsmilj\u00f8. Men enda viktigere, vi skal s\u00f8rge for at alle involverte i lokalsamfunnet skal f\u00f8le seg trygg under hele byggeperioden. Vi vil informere, fortelle og dele om utviklingen i prosjektet. Denne nettsiden kan brukes som en informasjonstavle for hva som skjer p\u00e5 byggeplassen som kan v\u00e6re verdt \u00e5 vite om. Sjekk gjerne nyhetssiden med jevne mellomrom for potensielle endringer som kan komme i n\u00e6romr\u00e5det eller meld deg p\u00e5 nyhetsbrevet f\u00e5r \u00e5 f\u00e5 push-varsler n\u00e5r vi publiserer noe nytt.<\/p>\n<p><strong>Trafikk<\/strong><\/p>\n<p>I forbindelse med arbeidene p\u00e5 byggeplassen, og s\u00e6rlig i periodene med rivearbeider, grunnarbeider og r\u00e5byggsfase, vil det kunne bli en del trafikk i omr\u00e5det. Dette vil v\u00e6re godt skiltet og du skal ikke f\u00f8le deg utrygg rundt byggeplassen.<\/p>\n<p>Riggplanen viser hvordan trafikken er styrt til og fra prosjektet.<\/p>\n<p><img loading=\"lazy\" decoding=\"async\" class=\"alignnone wp-image-47\" src=\"https:\/\/prosjekt.skanska.no\/roax\/wp-content\/uploads\/sites\/23\/2023\/12\/Bilde-av-riggplan-300x215.png\" alt=\"\" width=\"493\" height=\"353\" srcset=\"https:\/\/prosjekt.skanska.no\/roax\/wp-content\/uploads\/sites\/23\/2023\/12\/Bilde-av-riggplan-300x215.png 300w, https:\/\/prosjekt.skanska.no\/roax\/wp-content\/uploads\/sites\/23\/2023\/12\/Bilde-av-riggplan.png 517w\" sizes=\"auto, (max-width: 493px) 100vw, 493px\" \/><\/p>\n<p>Selve byggeplassen sikres med byggegjerder, porter og elektroniske kj\u00f8reporter, som hindrer u\u00f8nsket ferdsel inne p\u00e5 omr\u00e5det.<\/p>\n<p><strong>Fotgjengere<\/strong><\/p>\n<p>Fotgjengere m\u00e5 benytte fortauet p\u00e5 nordsiden av Griniveien. Fortau langs Grinveien mot byggeplassen vil bli stengt. Dagens gangforbindelse over eiendommen mellom t-bane og R\u00f8akrysset stenges fra og med 2. januar 2024.<\/p>\n<p><img loading=\"lazy\" decoding=\"async\" class=\"alignnone wp-image-48\" src=\"https:\/\/prosjekt.skanska.no\/roax\/wp-content\/uploads\/sites\/23\/2023\/12\/Bilde-omlegging-gangvei-300x174.png\" alt=\"\" width=\"494\" height=\"287\" srcset=\"https:\/\/prosjekt.skanska.no\/roax\/wp-content\/uploads\/sites\/23\/2023\/12\/Bilde-omlegging-gangvei-300x174.png 300w, https:\/\/prosjekt.skanska.no\/roax\/wp-content\/uploads\/sites\/23\/2023\/12\/Bilde-omlegging-gangvei.png 529w\" sizes=\"auto, (max-width: 494px) 100vw, 494px\" \/><\/p>\n<p>Alle tiltak er i henhold til godkjente vedtak.<\/p>\n<p><strong>St\u00f8y og st\u00f8v<\/strong><\/p>\n<p>I forbindelse med anleggsperioden vil det bli noe st\u00f8y og st\u00f8v, spesielt i forbindelse med rivearbeider, gravearbeider og r\u00e5byggfase. Skanskas krav og rutiner for \u00e5 begrense ulempene for omgivelsene vil bli fulgt.<\/p>\n<p><strong>Lysforurensning<\/strong><\/p>\n<p>Byggeplassbelysning vil v\u00e6re montert og vinklet slik at det er minst til sjenanse for bygninger og personer utenfor byggeplassen. Skanska f\u00f8lger gjeldende retningslinjer i Oslo kommune. Byggeplassbelysning vil v\u00e6re slukket i tidsrom hvor det ikke p\u00e5g\u00e5r arbeid, unntak er sikkerhetslys, markeringslys, o.l. Vinterstid vil det v\u00e6re noe \u00f8kt byggeplassbelysning for \u00e5 sikre trygg ferdsel i atkomster.<\/p>\n<p><strong>Arbeidstid<\/strong><\/p>\n<p>Generelt vil arbeidstiden v\u00e6re mandag til fredag fra kl. 07-19. Det kan i perioder bli n\u00f8dvendig \u00e5 utvide arbeidstiden.<\/p>\n<p><strong>Har du lyst til \u00e5 bo i R\u00f8a X?<\/strong><\/p>\n<p>R\u00f8a er et omr\u00e5de folk gjerne flytter til, men motvillig flytter fra. Beliggenheten bidrar til dette. Kort reisevei til jobben, enten den er i Oslo sentrum eller i B\u00e6rum, gj\u00f8r det bekvemt \u00e5 bo p\u00e5 R\u00f8a. N\u00e6rheten til S\u00f8rkedalen og Bogstadvannet gj\u00f8r det enkelt \u00e5 leve et aktivt liv med flotte naturopplevelser. Sm\u00e5byf\u00f8lelsen, ved at du alltid treffer noen du kjenner p\u00e5 senteret, gj\u00f8r det lett \u00e5 trives p\u00e5 R\u00f8a.<\/p>\n<p>Sjekk ledige leiligheter p\u00e5:\u00a0<a class=\"fui-Link ___10kug0w f3rmtva f1ewtqcl fyind8e f1k6fduh f1w7gpdv fk6fouc fjoy568 figsok6 f1hu3pq6 f11qmguv f19f4twv f1tyq0we f1g0x7ka fhxju0i f1qch9an f1cnd47f fqv5qza f1vmzxwi f1o700av f13mvf36 f1cmlufx f9n3di6 f1ids18y f1tx3yz7 f1deo86v f1eh06m1 f1iescvh fhgqx19 f1olyrje f1p93eir f1nev41a f1h8hb77 f1lqvz6u f10aw75t fsle3fq f17ae5zn\" title=\"https:\/\/bolig.skanska.no\/prosjekter\/roa-x\" href=\"https:\/\/bolig.skanska.no\/prosjekter\/roa-x\" target=\"_blank\" rel=\"noreferrer noopener\" aria-label=\"Link https:\/\/bolig.skanska.no\/prosjekter\/roa-x\">https:\/\/bolig.skanska.no\/prosjekter\/roa-x<\/a><\/p>\n<p>&nbsp;<\/p>\n","protected":false},"excerpt":{"rendered":"<p>Skanska Norge AS skal bygge 56 nye leiligheter og to n\u00e6ringsseksjoner midt i krysset p\u00e5 R\u00f8a. Meld deg p\u00e5 nyhetsbrev her og hold deg oppdatert gjennom hele byggetiden. Vi \u00f8nsker \u00e5 informere i god tid f\u00f8r noe skjer og vil varsle om endringer som vil skje i l\u00f8pet av byggetiden p\u00e5 denne siden og i [&hellip;]<\/p>\n","protected":false},"author":1,"featured_media":32,"parent":0,"menu_order":0,"comment_status":"closed","ping_status":"closed","template":"","meta":{"_acf_changed":false,"footnotes":""},"class_list":["post-6","page","type-page","status-publish","has-post-thumbnail","hentry"],"acf":[],"_links":{"self":[{"href":"https:\/\/prosjekt.skanska.no\/roax\/wp-json\/wp\/v2\/pages\/6","targetHints":{"allow":["GET"]}}],"collection":[{"href":"https:\/\/prosjekt.skanska.no\/roax\/wp-json\/wp\/v2\/pages"}],"about":[{"href":"https:\/\/prosjekt.skanska.no\/roax\/wp-json\/wp\/v2\/types\/page"}],"author":[{"embeddable":true,"href":"https:\/\/prosjekt.skanska.no\/roax\/wp-json\/wp\/v2\/users\/1"}],"replies":[{"embeddable":true,"href":"https:\/\/prosjekt.skanska.no\/roax\/wp-json\/wp\/v2\/comments?post=6"}],"version-history":[{"count":1,"href":"https:\/\/prosjekt.skanska.no\/roax\/wp-json\/wp\/v2\/pages\/6\/revisions"}],"predecessor-version":[{"id":248,"href":"https:\/\/prosjekt.skanska.no\/roax\/wp-json\/wp\/v2\/pages\/6\/revisions\/248"}],"wp:featuredmedia":[{"embeddable":true,"href":"https:\/\/prosjekt.skanska.no\/roax\/wp-json\/wp\/v2\/media\/32"}],"wp:attachment":[{"href":"https:\/\/prosjekt.skanska.no\/roax\/wp-json\/wp\/v2\/media?parent=6"}],"curies":[{"name":"wp","href":"https:\/\/api.w.org\/{rel}","templated":true}]}}