{"id":6,"date":"2024-03-24T17:44:56","date_gmt":"2024-03-24T16:44:56","guid":{"rendered":"https:\/\/blogg.skanska.no\/sionordberg\/sider\/"},"modified":"2024-03-24T17:44:56","modified_gmt":"2024-03-24T16:44:56","slug":"om-prosjektet","status":"publish","type":"page","link":"https:\/\/prosjekt.skanska.no\/sionordberg\/om-prosjektet\/","title":{"rendered":"Om prosjektet"},"content":{"rendered":"<p>Nordberg Studentby er nybygg som best\u00e5r av 465 studenthybler, inkl. fellesfasiliteter og utomhus.<\/p>\n<p>Prosjektet har som m\u00e5lsetning om \u00e5 ivareta fremtidens milj\u00f8krav. Dette skal oppn\u00e5s i form av lav energibruk og redusert karbonutslipp. Det skal benyttes lavkarbon betong og resirkulert st\u00e5l. Byggeplassen skal v\u00e6re fossilfri. Prosjektet har fokus p\u00e5 avfallsminimering gjennom hele byggeperioden og det skal gjennomf\u00f8res med maks 18 kg avfall per kvadratmeter og strenge krav til avfallsortering.<\/p>\n<p>Gr\u00f8ntanlegget og vegetasjon skal i stor grad bevares, men skal tilpasses den nye bebyggelsen. Det er 59 tr\u00e6r p\u00e5 omr\u00e5det som er planlagt bevart, og flere av dem er hulkileiker som er vernet iht. lov og forskrift. Det er satt strenge restriksjoner p\u00e5 arbeid innenfor deler av omr\u00e5det.<\/p>\n<p>Byggetiden er satt til 29 m\u00e5neder med oppstart riving i februar 2024. Det er planlagt samlet overlevering av alle bygg sommeren 2026. Det jobbes mot en trinnvis overlevering av byggene.<\/p>\n<p>Byggherre er SiO, (Studentsamskipnaden i Oslo). Skanska Norge er totalentrepren\u00f8r.<\/p>\n<h3>HMS<\/h3>\n<p>I Skanska tar vi sikkerhet p\u00e5 alvor og vil s\u00f8rge for et trygt og forsvarlig arbeidsmilj\u00f8. Men enda viktigere, vi skal s\u00f8rge for at alle involverte i lokalsamfunnet skal f\u00f8le seg trygg under hele byggeperioden. Vi vil informere, fortelle og dele om utviklingen i prosjektet. Denne nettsiden kan brukes som en informasjonstavle for hva som skjer p\u00e5 byggeplassen som kan v\u00e6re verdt \u00e5 vite om. Sjekk gjerne nyhetssiden med jevne mellomrom for potensielle endringer som kan komme i n\u00e6romr\u00e5det eller meld deg p\u00e5 nyhetsbrevet f\u00e5r \u00e5 f\u00e5 push-varsler n\u00e5r vi publiserer noe nytt.<\/p>\n<h3>Trafikk<\/h3>\n<p>I forbindelse med arbeidene p\u00e5 byggeplassen, og s\u00e6rlig i periodene med rivearbeider, grunnarbeider og r\u00e5byggsfase, vil det kunne bli en del trafikk i omr\u00e5det. Dette vil v\u00e6re godt skiltet og du skal ikke f\u00f8le deg utrygg rundt byggeplassen.<\/p>\n<p>Riggplanen viser hvordan trafikken er styrt til og fra prosjektet.<\/p>\n<div id=\"attachment_36\" style=\"width: 310px\" class=\"wp-caption alignnone\"><a href=\"https:\/\/prosjekt.skanska.no\/sionordberg\/wp-content\/uploads\/sites\/9\/2024\/03\/Riggplan-riving-fase-Uke-10.pdf\" target=\"_blank\" rel=\"noopener\"><img loading=\"lazy\" decoding=\"async\" aria-describedby=\"caption-attachment-36\" class=\"wp-image-36 size-medium\" src=\"https:\/\/prosjekt.skanska.no\/sionordberg\/wp-content\/uploads\/sites\/9\/2024\/03\/riggplan-300x213.jpg\" alt=\"\" width=\"300\" height=\"213\" srcset=\"https:\/\/prosjekt.skanska.no\/sionordberg\/wp-content\/uploads\/sites\/9\/2024\/03\/riggplan-300x213.jpg 300w, https:\/\/prosjekt.skanska.no\/sionordberg\/wp-content\/uploads\/sites\/9\/2024\/03\/riggplan-1024x729.jpg 1024w, https:\/\/prosjekt.skanska.no\/sionordberg\/wp-content\/uploads\/sites\/9\/2024\/03\/riggplan-768x546.jpg 768w, https:\/\/prosjekt.skanska.no\/sionordberg\/wp-content\/uploads\/sites\/9\/2024\/03\/riggplan-1536x1093.jpg 1536w, https:\/\/prosjekt.skanska.no\/sionordberg\/wp-content\/uploads\/sites\/9\/2024\/03\/riggplan-2048x1457.jpg 2048w\" sizes=\"auto, (max-width: 300px) 100vw, 300px\" \/><\/a><p id=\"caption-attachment-36\" class=\"wp-caption-text\">Klikk p\u00e5 bildet for \u00e5 se i full st\u00f8rrelse<\/p><\/div>\n<h3>St\u00f8y og st\u00f8v<\/h3>\n<p>I forbindelse med anleggsperioden vil det bli noe st\u00f8y og st\u00f8v, spesielt i forbindelse med rivearbeider, gravearbeider og r\u00e5byggfase. Skanskas krav og rutiner for \u00e5 begrense ulempene for omgivelsene vil bli fulgt.<\/p>\n<h3>Arbeidstid<\/h3>\n<p>Arbeidstid vil v\u00e6re mandag til fredag fra kl. 07-19.<\/p>\n","protected":false},"excerpt":{"rendered":"<p>Nordberg Studentby er nybygg som best\u00e5r av 465 studenthybler, inkl. fellesfasiliteter og utomhus. Prosjektet har som m\u00e5lsetning om \u00e5 ivareta fremtidens milj\u00f8krav. Dette skal oppn\u00e5s i form av lav energibruk og redusert karbonutslipp. Det skal benyttes lavkarbon betong og resirkulert st\u00e5l. Byggeplassen skal v\u00e6re fossilfri. Prosjektet har fokus p\u00e5 avfallsminimering gjennom hele byggeperioden og det [&hellip;]<\/p>\n","protected":false},"author":1,"featured_media":0,"parent":0,"menu_order":0,"comment_status":"closed","ping_status":"closed","template":"","meta":{"_acf_changed":false,"footnotes":""},"class_list":["post-6","page","type-page","status-publish","hentry"],"acf":[],"_links":{"self":[{"href":"https:\/\/prosjekt.skanska.no\/sionordberg\/wp-json\/wp\/v2\/pages\/6","targetHints":{"allow":["GET"]}}],"collection":[{"href":"https:\/\/prosjekt.skanska.no\/sionordberg\/wp-json\/wp\/v2\/pages"}],"about":[{"href":"https:\/\/prosjekt.skanska.no\/sionordberg\/wp-json\/wp\/v2\/types\/page"}],"author":[{"embeddable":true,"href":"https:\/\/prosjekt.skanska.no\/sionordberg\/wp-json\/wp\/v2\/users\/1"}],"replies":[{"embeddable":true,"href":"https:\/\/prosjekt.skanska.no\/sionordberg\/wp-json\/wp\/v2\/comments?post=6"}],"version-history":[{"count":0,"href":"https:\/\/prosjekt.skanska.no\/sionordberg\/wp-json\/wp\/v2\/pages\/6\/revisions"}],"wp:attachment":[{"href":"https:\/\/prosjekt.skanska.no\/sionordberg\/wp-json\/wp\/v2\/media?parent=6"}],"curies":[{"name":"wp","href":"https:\/\/api.w.org\/{rel}","templated":true}]}}