{"id":71,"date":"2022-09-30T14:23:32","date_gmt":"2022-09-30T14:23:32","guid":{"rendered":"https:\/\/verdalvgsblogg.skanska.no\/?page_id=15"},"modified":"2022-09-30T14:23:32","modified_gmt":"2022-09-30T14:23:32","slug":"om-prosjektet","status":"publish","type":"page","link":"https:\/\/prosjekt.skanska.no\/verdalvgs\/om-prosjektet\/","title":{"rendered":"Om prosjektet"},"content":{"rendered":"<p>Skanska Norge AS har inng\u00e5tt totalentreprisekontrakt med Tr\u00f8ndelag Fylkeskommune for gjennomf\u00f8ring av Nye Verdal Videreg\u00e5ende Skole. Kontrakten har en verdi p\u00e5 rundt 310 millioner.<\/p>\n<p>Prosjektet omfatter riving av deler av den eksisterende bygningsmassen, noe rehabilitering og en del nybygg samt en ny idrettshall.<\/p>\n<p>Adresse: Stiklestad alle 8, 7654 Verdal<\/p>\n<h3>HMS<\/h3>\n<p>Skanska Norge AS vil som entrepren\u00f8r v\u00e6re p\u00e5driver og koordinator for SHA-arbeidet (Sikkerhet, helse og arbeidsmilj\u00f8). Prosjektet har en egen SHA-plan for \u00e5 sikre et sunt og trygt arbeidsmilj\u00f8. De SHA-krav som Skanska Norge stiller til egne ansatte gjelder ogs\u00e5 v\u00e5re underentrepren\u00f8rer.<\/p>\n<p>God planlegging og sterkt fokus p\u00e5 sikkerhet skal s\u00f8rge for at alle som jobber p\u00e5 prosjektet eller oppholder seg i omr\u00e5det rundt kan f\u00f8le seg trygge gjennom hele byggeperioden.<\/p>\n<p>M\u00e5let er at ingen skal bli skadet eller syke som f\u00f8lge av prosjektet.<\/p>\n<h3>Milj\u00f8<\/h3>\n<p>M\u00e5let for byggeprosessen er null u\u00f8nskede milj\u00f8hendelser, ingen utslipp til luft, grunn eller vann, og ingen skader p\u00e5 omgivelsene.<\/p>\n<h3>Fremdrift<\/h3>\n<p>Oppstart forberedende arbeider med busslomme etc er h\u00f8sten 2022. Hovedjobben med riving og oppbygging blir fra vinteren 2023.<\/p>\n<h3>Arbeidstid<\/h3>\n<p>Selv om vi \u00f8nsker \u00e5 v\u00e6re til minst mulig ulempe og sjenanse for v\u00e5re omgivelser, vil v\u00e5re arbeider n\u00f8dvendigvis merkes. Byggearbeidet vil normalt p\u00e5g\u00e5 i tidsrommet mellom kl. 07:00 og 19:00 p\u00e5 hverdager, men det vil i perioder v\u00e6re aktiviteter p\u00e5 l\u00f8rdager mellom kl. 07:00 og kl. 16:00.<\/p>\n","protected":false},"excerpt":{"rendered":"<p>Skanska Norge AS har inng\u00e5tt totalentreprisekontrakt med Tr\u00f8ndelag Fylkeskommune for gjennomf\u00f8ring av Nye Verdal Videreg\u00e5ende Skole. Kontrakten har en verdi p\u00e5 rundt 310 millioner. Prosjektet omfatter riving av deler av den eksisterende bygningsmassen, noe rehabilitering og en del nybygg samt en ny idrettshall. Adresse: Stiklestad alle 8, 7654 Verdal HMS Skanska Norge AS vil som [&hellip;]<\/p>\n","protected":false},"author":1,"featured_media":0,"parent":0,"menu_order":0,"comment_status":"closed","ping_status":"closed","template":"","meta":{"_acf_changed":false,"footnotes":""},"class_list":["post-71","page","type-page","status-publish","hentry"],"acf":[],"_links":{"self":[{"href":"https:\/\/prosjekt.skanska.no\/verdalvgs\/wp-json\/wp\/v2\/pages\/71","targetHints":{"allow":["GET"]}}],"collection":[{"href":"https:\/\/prosjekt.skanska.no\/verdalvgs\/wp-json\/wp\/v2\/pages"}],"about":[{"href":"https:\/\/prosjekt.skanska.no\/verdalvgs\/wp-json\/wp\/v2\/types\/page"}],"author":[{"embeddable":true,"href":"https:\/\/prosjekt.skanska.no\/verdalvgs\/wp-json\/wp\/v2\/users\/1"}],"replies":[{"embeddable":true,"href":"https:\/\/prosjekt.skanska.no\/verdalvgs\/wp-json\/wp\/v2\/comments?post=71"}],"version-history":[{"count":0,"href":"https:\/\/prosjekt.skanska.no\/verdalvgs\/wp-json\/wp\/v2\/pages\/71\/revisions"}],"wp:attachment":[{"href":"https:\/\/prosjekt.skanska.no\/verdalvgs\/wp-json\/wp\/v2\/media?parent=71"}],"curies":[{"name":"wp","href":"https:\/\/api.w.org\/{rel}","templated":true}]}}